{"id":16573,"date":"2020-03-02T15:23:22","date_gmt":"2020-03-02T20:23:22","guid":{"rendered":"https:\/\/monsieurcremaillere.com\/site\/a-propos\/"},"modified":"2025-09-03T22:31:27","modified_gmt":"2025-09-04T02:31:27","slug":"about-us","status":"publish","type":"page","link":"https:\/\/monsieurcremaillere.com\/site\/en\/home\/about-us\/","title":{"rendered":"About us"},"content":{"rendered":"<p>[vc_row css_animation=&#8221;&#8221; row_type=&#8221;row&#8221; use_row_as_full_screen_section=&#8221;no&#8221; type=&#8221;grid&#8221; angled_section=&#8221;no&#8221; text_align=&#8221;left&#8221; background_image_as_pattern=&#8221;without_pattern&#8221; padding_top=&#8221;90&#8243; padding_bottom=&#8221;90&#8243; anchor=&#8221;portfolio&#8221; background_color=&#8221;#f8f8f8&#8243;][vc_column width=&#8221;1\/2&#8243;][vc_single_image image=&#8221;16078&#8243; img_size=&#8221;full&#8221; alignment=&#8221;center&#8221; qode_css_animation=&#8221;element_from_left&#8221; transition_delay=&#8221;0.2&#8243;][\/vc_column][vc_column width=&#8221;1\/2&#8243;][vc_column_text]<\/p>\n<h4>MONSIEUR CR\u00c9MAILL\u00c8RE<\/h4>\n<p>[\/vc_column_text][vc_separator type=&#8221;transparent&#8221; down=&#8221;0&#8243; up=&#8221;12&#8243;][vc_column_text]Monsieur Cr\u00e9maill\u00e8re, a family business, was founded in 1982. In 2020, new management took over. Roberto Reda, the current owner, ensures the continuity of operations while preserving the quality standards, expertise, and service that built Monsieur Cr\u00e9maill\u00e8re\u2019s reputation. Today, we combine the experience of the past with the same attention to detail and the same respect for our clients.[\/vc_column_text][vc_separator type=&#8221;transparent&#8221; down=&#8221;16&#8243; up=&#8221;5&#8243;][\/vc_column][\/vc_row][vc_row css_animation=&#8221;&#8221; row_type=&#8221;row&#8221; use_row_as_full_screen_section=&#8221;no&#8221; type=&#8221;grid&#8221; angled_section=&#8221;no&#8221; text_align=&#8221;left&#8221; background_image_as_pattern=&#8221;without_pattern&#8221; padding_top=&#8221;90&#8243; padding_bottom=&#8221;0&#8243; anchor=&#8221;portfolio&#8221; background_color=&#8221;#f1f1f1&#8243;][vc_column width=&#8221;1\/2&#8243;][vc_column_text]<\/p>\n<h4 style=\"text-align: left;\">LEADERSHIP AND PROGRESS<\/h4>\n<p>[\/vc_column_text][vc_separator type=&#8221;transparent&#8221; down=&#8221;0&#8243; up=&#8221;12&#8243;][vc_column_text]In 2020, after more than 38 years of dedicated effort, a new chapter was in order: to ensure the company\u2019s growth and continue its tradition of service. It was in this spirit that the business was handed over to a passionate team, ready to face the challenges of a constantly evolving market and to lead Monsieur Cr\u00e9maill\u00e8re toward new horizons.[\/vc_column_text][vc_separator type=&#8221;transparent&#8221; up=&#8221;89&#8243; down=&#8221;0&#8243;][\/vc_column][vc_column width=&#8221;1\/2&#8243;][vc_single_image image=&#8221;16649&#8243; img_size=&#8221;full&#8221; alignment=&#8221;center&#8221; qode_css_animation=&#8221;element_from_right&#8221; transition_delay=&#8221;0.4&#8243;][vc_separator type=&#8221;transparent&#8221; up=&#8221;89&#8243; down=&#8221;0&#8243;][\/vc_column][\/vc_row][vc_row css_animation=&#8221;&#8221; row_type=&#8221;row&#8221; use_row_as_full_screen_section=&#8221;no&#8221; type=&#8221;grid&#8221; angled_section=&#8221;no&#8221; text_align=&#8221;left&#8221; background_image_as_pattern=&#8221;without_pattern&#8221; padding_top=&#8221;90&#8243; padding_bottom=&#8221;90&#8243; anchor=&#8221;portfolio&#8221; background_color=&#8221;#f8f8f8&#8243;][vc_column width=&#8221;1\/2&#8243;][vc_single_image image=&#8221;16756&#8243; img_size=&#8221;full&#8221; alignment=&#8221;center&#8221; qode_css_animation=&#8221;element_from_left&#8221; transition_delay=&#8221;0.2&#8243;][\/vc_column][vc_column width=&#8221;1\/2&#8243;][vc_column_text]<\/p>\n<h4 style=\"text-align: left;\">ENTREPRENEUR OF THE FUTURE<\/h4>\n<p>[\/vc_column_text][vc_separator type=&#8221;transparent&#8221; down=&#8221;0&#8243; up=&#8221;12&#8243;][vc_column_text]Mr Cr\u00e9maill\u00e8re, a local company that is recognized as being the benchmark in the field of rack and pinion. With an evolving vision, respectful of the environment and unparalleled service, Mr. Cr\u00e9maill\u00e8re continues to grow and consolidate his position as a leader in the industry.[\/vc_column_text][vc_separator type=&#8221;transparent&#8221; down=&#8221;16&#8243; up=&#8221;5&#8243;][\/vc_column][\/vc_row][vc_row css_animation=&#8221;&#8221; row_type=&#8221;row&#8221; use_row_as_full_screen_section=&#8221;no&#8221; type=&#8221;grid&#8221; angled_section=&#8221;no&#8221; text_align=&#8221;left&#8221; background_image_as_pattern=&#8221;without_pattern&#8221; padding_top=&#8221;48&#8243; padding_bottom=&#8221;52&#8243; background_color=&#8221;#f1f1f1&#8243;][vc_column][vc_single_image image=&#8221;16084&#8243; img_size=&#8221;full&#8221; alignment=&#8221;center&#8221; qode_css_animation=&#8221;&#8221;][vc_separator type=&#8221;transparent&#8221; down=&#8221;5&#8243; up=&#8221;5&#8243;][vc_column_text]<\/p>\n<h6 style=\"text-align: center;\"><span style=\"color: #f53644;\"><span style=\"color: #333300;\">Monsieur Cr\u00e9maill\u00e8re<\/span> <span style=\"color: #d30000;\">| An expert in constant evolution!<\/span><\/span><\/h6>\n<p>[\/vc_column_text][\/vc_column][\/vc_row]<\/p>\n","protected":false},"excerpt":{"rendered":"<p>[vc_row css_animation=&#8221;&#8221; row_type=&#8221;row&#8221; use_row_as_full_screen_section=&#8221;no&#8221; type=&#8221;grid&#8221; angled_section=&#8221;no&#8221; text_align=&#8221;left&#8221; background_image_as_pattern=&#8221;without_pattern&#8221; padding_top=&#8221;90&#8243; padding_bottom=&#8221;90&#8243; anchor=&#8221;portfolio&#8221; background_color=&#8221;#f8f8f8&#8243;][vc_column width=&#8221;1\/2&#8243;][vc_single_image image=&#8221;16078&#8243; img_size=&#8221;full&#8221; alignment=&#8221;center&#8221; qode_css_animation=&#8221;element_from_left&#8221; transition_delay=&#8221;0.2&#8243;][\/vc_column][vc_column width=&#8221;1\/2&#8243;][vc_column_text] MONSIEUR CR\u00c9MAILL\u00c8RE [\/vc_column_text][vc_separator type=&#8221;transparent&#8221; down=&#8221;0&#8243; up=&#8221;12&#8243;][vc_column_text]Monsieur Cr\u00e9maill\u00e8re, a family business, was founded in 1982. In 2020, new management took over. Roberto Reda, the current owner, ensures&#8230;<\/p>\n","protected":false},"author":1,"featured_media":0,"parent":16363,"menu_order":0,"comment_status":"open","ping_status":"closed","template":"full_width.php","meta":{"footnotes":""},"class_list":["post-16573","page","type-page","status-publish","hentry"],"yoast_head":"<!-- This site is optimized with the Yoast SEO plugin v27.4 - https:\/\/yoast.com\/product\/yoast-seo-wordpress\/ -->\n<title>About us - MR. CREMALL\u00c8RE Inc.<\/title>\n<meta name=\"description\" content=\"Rack and pinion experts in Montreal and surrounding municipalities. Combine performance, quality, and local expertise with a passionate team dedicated to the success of your projects.\" \/>\n<meta name=\"robots\" content=\"index, follow, max-snippet:-1, max-image-preview:large, max-video-preview:-1\" \/>\n<link rel=\"canonical\" href=\"https:\/\/monsieurcremaillere.com\/site\/en\/home\/about-us\/\" \/>\n<meta property=\"og:locale\" content=\"en_US\" \/>\n<meta property=\"og:type\" content=\"article\" \/>\n<meta property=\"og:title\" content=\"About us - MR. CREMALL\u00c8RE Inc.\" \/>\n<meta property=\"og:description\" content=\"Rack and pinion experts in Montreal and surrounding municipalities. Combine performance, quality, and local expertise with a passionate team dedicated to the success of your projects.\" \/>\n<meta property=\"og:url\" content=\"https:\/\/monsieurcremaillere.com\/site\/en\/home\/about-us\/\" \/>\n<meta property=\"og:site_name\" content=\"MR. CREMALL\u00c8RE Inc.\" \/>\n<meta property=\"article:modified_time\" content=\"2025-09-04T02:31:27+00:00\" \/>\n<meta property=\"og:image\" content=\"https:\/\/monsieurcremaillere.com\/site\/wp-content\/uploads\/2020\/03\/MCR1_logo_VER-01.png\" \/>\n\t<meta property=\"og:image:width\" content=\"400\" \/>\n\t<meta property=\"og:image:height\" content=\"253\" \/>\n\t<meta property=\"og:image:type\" content=\"image\/png\" \/>\n<meta name=\"twitter:card\" content=\"summary_large_image\" \/>\n<meta name=\"twitter:label1\" content=\"Est. reading time\" \/>\n\t<meta name=\"twitter:data1\" content=\"2 minutes\" \/>\n<script type=\"application\/ld+json\" class=\"yoast-schema-graph\">{\"@context\":\"https:\\\/\\\/schema.org\",\"@graph\":[{\"@type\":\"WebPage\",\"@id\":\"https:\\\/\\\/monsieurcremaillere.com\\\/site\\\/en\\\/home\\\/about-us\\\/\",\"url\":\"https:\\\/\\\/monsieurcremaillere.com\\\/site\\\/en\\\/home\\\/about-us\\\/\",\"name\":\"About us - MR. CREMALL\u00c8RE Inc.\",\"isPartOf\":{\"@id\":\"https:\\\/\\\/monsieurcremaillere.com\\\/site\\\/#website\"},\"datePublished\":\"2020-03-02T20:23:22+00:00\",\"dateModified\":\"2025-09-04T02:31:27+00:00\",\"description\":\"Rack and pinion experts in Montreal and surrounding municipalities. Combine performance, quality, and local expertise with a passionate team dedicated to the success of your projects.\",\"breadcrumb\":{\"@id\":\"https:\\\/\\\/monsieurcremaillere.com\\\/site\\\/en\\\/home\\\/about-us\\\/#breadcrumb\"},\"inLanguage\":\"en-US\",\"potentialAction\":[{\"@type\":\"ReadAction\",\"target\":[\"https:\\\/\\\/monsieurcremaillere.com\\\/site\\\/en\\\/home\\\/about-us\\\/\"]}]},{\"@type\":\"BreadcrumbList\",\"@id\":\"https:\\\/\\\/monsieurcremaillere.com\\\/site\\\/en\\\/home\\\/about-us\\\/#breadcrumb\",\"itemListElement\":[{\"@type\":\"ListItem\",\"position\":1,\"name\":\"Accueil\",\"item\":\"https:\\\/\\\/monsieurcremaillere.com\\\/site\\\/en\\\/\"},{\"@type\":\"ListItem\",\"position\":2,\"name\":\"Rack and Pinions: Buy and Repair\",\"item\":\"https:\\\/\\\/monsieurcremaillere.com\\\/site\\\/en\\\/\"},{\"@type\":\"ListItem\",\"position\":3,\"name\":\"About us\"}]},{\"@type\":\"WebSite\",\"@id\":\"https:\\\/\\\/monsieurcremaillere.com\\\/site\\\/#website\",\"url\":\"https:\\\/\\\/monsieurcremaillere.com\\\/site\\\/\",\"name\":\"MR. CR\u00c9MALL\u00c8RE Inc\",\"description\":\"Les VRAIS sp\u00e9cialistes!\",\"publisher\":{\"@id\":\"https:\\\/\\\/monsieurcremaillere.com\\\/site\\\/#organization\"},\"alternateName\":\"MC\",\"potentialAction\":[{\"@type\":\"SearchAction\",\"target\":{\"@type\":\"EntryPoint\",\"urlTemplate\":\"https:\\\/\\\/monsieurcremaillere.com\\\/site\\\/?s={search_term_string}\"},\"query-input\":{\"@type\":\"PropertyValueSpecification\",\"valueRequired\":true,\"valueName\":\"search_term_string\"}}],\"inLanguage\":\"en-US\"},{\"@type\":\"Organization\",\"@id\":\"https:\\\/\\\/monsieurcremaillere.com\\\/site\\\/#organization\",\"name\":\"MR. CR\u00c9MALL\u00c8RE Inc\",\"alternateName\":\"MC\",\"url\":\"https:\\\/\\\/monsieurcremaillere.com\\\/site\\\/\",\"logo\":{\"@type\":\"ImageObject\",\"inLanguage\":\"en-US\",\"@id\":\"https:\\\/\\\/monsieurcremaillere.com\\\/site\\\/#\\\/schema\\\/logo\\\/image\\\/\",\"url\":\"https:\\\/\\\/monsieurcremaillere.com\\\/site\\\/wp-content\\\/uploads\\\/2020\\\/03\\\/MCR1_logo_VER-01.png\",\"contentUrl\":\"https:\\\/\\\/monsieurcremaillere.com\\\/site\\\/wp-content\\\/uploads\\\/2020\\\/03\\\/MCR1_logo_VER-01.png\",\"width\":400,\"height\":253,\"caption\":\"MR. CR\u00c9MALL\u00c8RE Inc\"},\"image\":{\"@id\":\"https:\\\/\\\/monsieurcremaillere.com\\\/site\\\/#\\\/schema\\\/logo\\\/image\\\/\"}}]}<\/script>\n<!-- \/ Yoast SEO plugin. -->","yoast_head_json":{"title":"About us - MR. CREMALL\u00c8RE Inc.","description":"Rack and pinion experts in Montreal and surrounding municipalities. Combine performance, quality, and local expertise with a passionate team dedicated to the success of your projects.","robots":{"index":"index","follow":"follow","max-snippet":"max-snippet:-1","max-image-preview":"max-image-preview:large","max-video-preview":"max-video-preview:-1"},"canonical":"https:\/\/monsieurcremaillere.com\/site\/en\/home\/about-us\/","og_locale":"en_US","og_type":"article","og_title":"About us - MR. CREMALL\u00c8RE Inc.","og_description":"Rack and pinion experts in Montreal and surrounding municipalities. Combine performance, quality, and local expertise with a passionate team dedicated to the success of your projects.","og_url":"https:\/\/monsieurcremaillere.com\/site\/en\/home\/about-us\/","og_site_name":"MR. CREMALL\u00c8RE Inc.","article_modified_time":"2025-09-04T02:31:27+00:00","og_image":[{"width":400,"height":253,"url":"https:\/\/monsieurcremaillere.com\/site\/wp-content\/uploads\/2020\/03\/MCR1_logo_VER-01.png","type":"image\/png"}],"twitter_card":"summary_large_image","twitter_misc":{"Est. reading time":"2 minutes"},"schema":{"@context":"https:\/\/schema.org","@graph":[{"@type":"WebPage","@id":"https:\/\/monsieurcremaillere.com\/site\/en\/home\/about-us\/","url":"https:\/\/monsieurcremaillere.com\/site\/en\/home\/about-us\/","name":"About us - MR. CREMALL\u00c8RE Inc.","isPartOf":{"@id":"https:\/\/monsieurcremaillere.com\/site\/#website"},"datePublished":"2020-03-02T20:23:22+00:00","dateModified":"2025-09-04T02:31:27+00:00","description":"Rack and pinion experts in Montreal and surrounding municipalities. Combine performance, quality, and local expertise with a passionate team dedicated to the success of your projects.","breadcrumb":{"@id":"https:\/\/monsieurcremaillere.com\/site\/en\/home\/about-us\/#breadcrumb"},"inLanguage":"en-US","potentialAction":[{"@type":"ReadAction","target":["https:\/\/monsieurcremaillere.com\/site\/en\/home\/about-us\/"]}]},{"@type":"BreadcrumbList","@id":"https:\/\/monsieurcremaillere.com\/site\/en\/home\/about-us\/#breadcrumb","itemListElement":[{"@type":"ListItem","position":1,"name":"Accueil","item":"https:\/\/monsieurcremaillere.com\/site\/en\/"},{"@type":"ListItem","position":2,"name":"Rack and Pinions: Buy and Repair","item":"https:\/\/monsieurcremaillere.com\/site\/en\/"},{"@type":"ListItem","position":3,"name":"About us"}]},{"@type":"WebSite","@id":"https:\/\/monsieurcremaillere.com\/site\/#website","url":"https:\/\/monsieurcremaillere.com\/site\/","name":"MR. CR\u00c9MALL\u00c8RE Inc","description":"Les VRAIS sp\u00e9cialistes!","publisher":{"@id":"https:\/\/monsieurcremaillere.com\/site\/#organization"},"alternateName":"MC","potentialAction":[{"@type":"SearchAction","target":{"@type":"EntryPoint","urlTemplate":"https:\/\/monsieurcremaillere.com\/site\/?s={search_term_string}"},"query-input":{"@type":"PropertyValueSpecification","valueRequired":true,"valueName":"search_term_string"}}],"inLanguage":"en-US"},{"@type":"Organization","@id":"https:\/\/monsieurcremaillere.com\/site\/#organization","name":"MR. CR\u00c9MALL\u00c8RE Inc","alternateName":"MC","url":"https:\/\/monsieurcremaillere.com\/site\/","logo":{"@type":"ImageObject","inLanguage":"en-US","@id":"https:\/\/monsieurcremaillere.com\/site\/#\/schema\/logo\/image\/","url":"https:\/\/monsieurcremaillere.com\/site\/wp-content\/uploads\/2020\/03\/MCR1_logo_VER-01.png","contentUrl":"https:\/\/monsieurcremaillere.com\/site\/wp-content\/uploads\/2020\/03\/MCR1_logo_VER-01.png","width":400,"height":253,"caption":"MR. CR\u00c9MALL\u00c8RE Inc"},"image":{"@id":"https:\/\/monsieurcremaillere.com\/site\/#\/schema\/logo\/image\/"}}]}},"_links":{"self":[{"href":"https:\/\/monsieurcremaillere.com\/site\/en\/wp-json\/wp\/v2\/pages\/16573","targetHints":{"allow":["GET"]}}],"collection":[{"href":"https:\/\/monsieurcremaillere.com\/site\/en\/wp-json\/wp\/v2\/pages"}],"about":[{"href":"https:\/\/monsieurcremaillere.com\/site\/en\/wp-json\/wp\/v2\/types\/page"}],"author":[{"embeddable":true,"href":"https:\/\/monsieurcremaillere.com\/site\/en\/wp-json\/wp\/v2\/users\/1"}],"replies":[{"embeddable":true,"href":"https:\/\/monsieurcremaillere.com\/site\/en\/wp-json\/wp\/v2\/comments?post=16573"}],"version-history":[{"count":11,"href":"https:\/\/monsieurcremaillere.com\/site\/en\/wp-json\/wp\/v2\/pages\/16573\/revisions"}],"predecessor-version":[{"id":16890,"href":"https:\/\/monsieurcremaillere.com\/site\/en\/wp-json\/wp\/v2\/pages\/16573\/revisions\/16890"}],"up":[{"embeddable":true,"href":"https:\/\/monsieurcremaillere.com\/site\/en\/wp-json\/wp\/v2\/pages\/16363"}],"wp:attachment":[{"href":"https:\/\/monsieurcremaillere.com\/site\/en\/wp-json\/wp\/v2\/media?parent=16573"}],"curies":[{"name":"wp","href":"https:\/\/api.w.org\/{rel}","templated":true}]}}