{"id":16578,"date":"2020-03-03T08:28:03","date_gmt":"2020-03-03T13:28:03","guid":{"rendered":"https:\/\/monsieurcremaillere.com\/site\/produits-et-services\/"},"modified":"2025-11-14T16:14:49","modified_gmt":"2025-11-14T21:14:49","slug":"products-and-services","status":"publish","type":"page","link":"https:\/\/monsieurcremaillere.com\/site\/en\/products-and-services\/","title":{"rendered":"Products and services"},"content":{"rendered":"<p>[vc_row css_animation=&#8221;&#8221; row_type=&#8221;row&#8221; use_row_as_full_screen_section=&#8221;yes&#8221; type=&#8221;grid&#8221; angled_section=&#8221;no&#8221; text_align=&#8221;center&#8221; background_image_as_pattern=&#8221;without_pattern&#8221; z_index=&#8221;&#8221; padding_top=&#8221;40&#8243; padding_bottom=&#8221;70&#8243;][vc_column][vc_single_image image=&#8221;16121&#8243; img_size=&#8221;medium&#8221; alignment=&#8221;center&#8221; qode_css_animation=&#8221;&#8221;][vc_column_text]<\/p>\n<h2>RACK AND PINIONS CATALOG AVAILABLE ONLINE<\/h2>\n<p>[\/vc_column_text]<span class=\"separator_with_icon\" ><i class=\"fa fa-car\"><\/i><\/span><a  itemprop=\"url\" href=\"https:\/\/catalog.monsieurcremaillere.com\/\" target=\"_self\" data-hover-background-color='#d30000' data-hover-color='#e5e5e5' class=\"qbutton  large left default\" style=\"color: #828282; margin: 70px 30px 70px; border-radius: 6px;-moz-border-radius: 6px;-webkit-border-radius: 6px; background-color: #e5e5e5;\">ALREADY SIGNED UP? ACCESS THE CATALOG HERE...<i class=\"qode_icon_font_awesome fa fa-user qode_button_icon_element\" style=\"\" ><\/i><\/a><a  itemprop=\"url\" href=\"https:\/\/catalog.monsieurcremaillere.com\/sessions\/signin\" target=\"_self\" data-hover-background-color='#d30000' data-hover-color='#e5e5e5' class=\"qbutton  large center default\" style=\"color: #828282; border-radius: 6px;-moz-border-radius: 6px;-webkit-border-radius: 6px; background-color: #e5e5e5;\">SIGN ME UP FOR THE ONLINE CATALOG!<i class=\"qode_icon_font_awesome fa fa-user qode_button_icon_element\" style=\"\" ><\/i><\/a>[\/vc_column][\/vc_row][vc_row css_animation=&#8221;&#8221; row_type=&#8221;row&#8221; use_row_as_full_screen_section=&#8221;no&#8221; type=&#8221;grid&#8221; angled_section=&#8221;no&#8221; text_align=&#8221;left&#8221; background_image_as_pattern=&#8221;without_pattern&#8221; padding_top=&#8221;90&#8243; padding_bottom=&#8221;90&#8243; anchor=&#8221;portfolio&#8221; background_color=&#8221;#f8f8f8&#8243;][vc_column width=&#8221;1\/2&#8243;][vc_single_image image=&#8221;16189&#8243; img_size=&#8221;full&#8221; alignment=&#8221;center&#8221; qode_css_animation=&#8221;element_from_left&#8221; transition_delay=&#8221;0.2&#8243;][\/vc_column][vc_column width=&#8221;1\/2&#8243;][vc_column_text]<\/p>\n<h4 style=\"text-align: left;\">A complete range of products<\/h4>\n<p>[\/vc_column_text][vc_separator type=&#8221;transparent&#8221; down=&#8221;0&#8243; up=&#8221;12&#8243;][vc_column_text]<strong data-start=\"126\" data-end=\"158\">A complete range of products<\/strong><br data-start=\"158\" data-end=\"161\" \/>The proper functioning of the <strong data-start=\"191\" data-end=\"210\">rack and pinion<\/strong> is essential to ensure the safety of your vehicle. Steering that shows signs of wear can compromise your ability to control your car. Come see one of our experts who can give you the best advice.<\/p>\n<p>&nbsp;<\/p>\n<p>We will be able to meet your needs, as we offer a complete range of products such as:<\/p>\n<ul>\n<li data-start=\"497\" data-end=\"558\">New and remanufactured electronic <strong data-start=\"531\" data-end=\"550\">rack and pinion<\/strong> (EPS)<\/li>\n<li data-start=\"497\" data-end=\"558\">Remanufactured hydraulic <strong data-start=\"586\" data-end=\"605\">rack and pinion<\/strong><\/li>\n<li data-start=\"497\" data-end=\"558\">Remanufactured electric power assisted <strong data-start=\"649\" data-end=\"668\">rack and pinion<\/strong><\/li>\n<li data-start=\"497\" data-end=\"558\"><strong data-start=\"673\" data-end=\"692\">Rack and pinion<\/strong> for Freightliner Cascadia<\/li>\n<\/ul>\n<p>You will surely find the optimal part for your vehicle at Monsieur Cr\u00e9maill\u00e8re.[\/vc_column_text][vc_separator type=&#8221;transparent&#8221; down=&#8221;16&#8243; up=&#8221;5&#8243;][\/vc_column][\/vc_row][vc_row css_animation=&#8221;&#8221; row_type=&#8221;row&#8221; use_row_as_full_screen_section=&#8221;no&#8221; type=&#8221;grid&#8221; angled_section=&#8221;no&#8221; text_align=&#8221;left&#8221; background_image_as_pattern=&#8221;without_pattern&#8221; padding_top=&#8221;90&#8243; padding_bottom=&#8221;0&#8243; anchor=&#8221;portfolio&#8221; background_color=&#8221;#f1f1f1&#8243;][vc_column width=&#8221;1\/2&#8243;][vc_column_text]<\/p>\n<h4 style=\"text-align: left;\">Complete Range of Professional Services<\/h4>\n<p>[\/vc_column_text][vc_separator type=&#8221;transparent&#8221; down=&#8221;0&#8243; up=&#8221;12&#8243;][vc_column_text]At Monsieur Cr\u00e9maill\u00e8re, we are dedicated to satisfying our customers. We make every effort to offer you a complete range of professional services such as:<\/p>\n<ul>\n<li data-start=\"306\" data-end=\"343\">Experienced and skilled technicians<\/li>\n<li data-start=\"306\" data-end=\"343\">Telephone technical support<\/li>\n<li data-start=\"306\" data-end=\"343\">Installation and diagnostics<\/li>\n<li data-start=\"306\" data-end=\"343\">Vehicle handling for installation<\/li>\n<li data-start=\"306\" data-end=\"343\">And more&#8230;<\/li>\n<\/ul>\n<p>&nbsp;<\/p>\n<p>Monsieur Cr\u00e9maill\u00e8re has built a strong reputation in the repair and maintenance of <strong data-start=\"545\" data-end=\"564\">rack and pinion<\/strong> systems thanks to its professionalism and exceptional service.<\/p>\n<p>&nbsp;<\/p>\n<p>Trust us with your vehicle! Our team has in-depth mechanical knowledge and uses state-of-the-art tools to install high-quality parts for you.[\/vc_column_text][vc_separator type=&#8221;transparent&#8221; up=&#8221;89&#8243; down=&#8221;0&#8243;][\/vc_column][vc_column width=&#8221;1\/2&#8243;][vc_single_image image=&#8221;16653&#8243; img_size=&#8221;full&#8221; alignment=&#8221;center&#8221; qode_css_animation=&#8221;element_from_right&#8221; transition_delay=&#8221;0.4&#8243;][vc_separator type=&#8221;transparent&#8221; up=&#8221;89&#8243; down=&#8221;0&#8243;][\/vc_column][\/vc_row][vc_row css_animation=&#8221;&#8221; row_type=&#8221;row&#8221; use_row_as_full_screen_section=&#8221;no&#8221; type=&#8221;grid&#8221; angled_section=&#8221;no&#8221; text_align=&#8221;left&#8221; background_image_as_pattern=&#8221;without_pattern&#8221; padding_top=&#8221;90&#8243; padding_bottom=&#8221;90&#8243; anchor=&#8221;portfolio&#8221; background_color=&#8221;#f8f8f8&#8243;][vc_column width=&#8221;1\/2&#8243;][vc_single_image image=&#8221;16138&#8243; img_size=&#8221;445 x 267&#8243; alignment=&#8221;center&#8221; qode_css_animation=&#8221;element_from_left&#8221; transition_delay=&#8221;0.2&#8243;][\/vc_column][vc_column width=&#8221;1\/2&#8243;][vc_column_text]<\/p>\n<h4 style=\"text-align: left;\">Rapid Growth<\/h4>\n<p>[\/vc_column_text][vc_separator type=&#8221;transparent&#8221; down=&#8221;0&#8243; up=&#8221;12&#8243;][vc_column_text]Monsieur Cr\u00e9maill\u00e8re is on a mission to grow the company and strengthen its position as an industry leader. To achieve this, Monsieur Cr\u00e9maill\u00e8re is committed to offering:<\/p>\n<ul>\n<li>Fast delivery<\/li>\n<li>Shipping across Canada<\/li>\n<li>Exceptional service<\/li>\n<li>And more&#8230;<\/li>\n<\/ul>\n<p data-start=\"405\" data-end=\"624\">Although the company is expanding and is the official supplier for the largest buying group of franchised car dealerships in North America, a friendly and family-like atmosphere remains at the heart of our organization.<\/p>\n<p data-start=\"626\" data-end=\"735\">If you want to distribute or resell our products, please contact us by email at <a href=\"mailto:info@monsieurcremaillere.com\">info@monsieurcremaillere.com<\/a><\/p>\n<p>[\/vc_column_text][vc_separator type=&#8221;transparent&#8221; down=&#8221;16&#8243; up=&#8221;5&#8243;][\/vc_column][\/vc_row][vc_row css_animation=&#8221;&#8221; row_type=&#8221;row&#8221; use_row_as_full_screen_section=&#8221;no&#8221; type=&#8221;grid&#8221; angled_section=&#8221;no&#8221; text_align=&#8221;left&#8221; background_image_as_pattern=&#8221;without_pattern&#8221; padding_top=&#8221;48&#8243; padding_bottom=&#8221;52&#8243; background_color=&#8221;#f1f1f1&#8243;][vc_column][vc_single_image image=&#8221;16084&#8243; img_size=&#8221;full&#8221; alignment=&#8221;center&#8221; qode_css_animation=&#8221;&#8221;][vc_separator type=&#8221;transparent&#8221; down=&#8221;5&#8243; up=&#8221;5&#8243;][vc_column_text]<\/p>\n<h6 style=\"text-align: center;\"><span style=\"color: #f53644;\"><span style=\"color: #333300;\">Monsieur Cr\u00e9maill\u00e8re<\/span> <span style=\"color: #d30000;\">| The Largest Inventory of Electronic Rack and Pinion!<\/span><\/span><\/h6>\n<p>[\/vc_column_text][\/vc_column][\/vc_row]<\/p>\n","protected":false},"excerpt":{"rendered":"<p>[vc_row css_animation=&#8221;&#8221; row_type=&#8221;row&#8221; use_row_as_full_screen_section=&#8221;yes&#8221; type=&#8221;grid&#8221; angled_section=&#8221;no&#8221; text_align=&#8221;center&#8221; background_image_as_pattern=&#8221;without_pattern&#8221; z_index=&#8221;&#8221; padding_top=&#8221;40&#8243; padding_bottom=&#8221;70&#8243;][vc_column][vc_single_image image=&#8221;16121&#8243; img_size=&#8221;medium&#8221; alignment=&#8221;center&#8221; qode_css_animation=&#8221;&#8221;][vc_column_text] RACK AND PINIONS CATALOG AVAILABLE ONLINE [\/vc_column_text][\/vc_column][\/vc_row][vc_row css_animation=&#8221;&#8221; row_type=&#8221;row&#8221; use_row_as_full_screen_section=&#8221;no&#8221; type=&#8221;grid&#8221; angled_section=&#8221;no&#8221; text_align=&#8221;left&#8221; background_image_as_pattern=&#8221;without_pattern&#8221; padding_top=&#8221;90&#8243; padding_bottom=&#8221;90&#8243; anchor=&#8221;portfolio&#8221; background_color=&#8221;#f8f8f8&#8243;][vc_column width=&#8221;1\/2&#8243;][vc_single_image image=&#8221;16189&#8243; img_size=&#8221;full&#8221; alignment=&#8221;center&#8221; qode_css_animation=&#8221;element_from_left&#8221; transition_delay=&#8221;0.2&#8243;][\/vc_column][vc_column width=&#8221;1\/2&#8243;][vc_column_text] A complete range of products&#8230;<\/p>\n","protected":false},"author":1,"featured_media":0,"parent":0,"menu_order":0,"comment_status":"open","ping_status":"closed","template":"full_width.php","meta":{"footnotes":""},"class_list":["post-16578","page","type-page","status-publish","hentry"],"yoast_head":"<!-- This site is optimized with the Yoast SEO plugin v27.4 - https:\/\/yoast.com\/product\/yoast-seo-wordpress\/ -->\n<title>Products and services - MR. CREMALL\u00c8RE Inc.<\/title>\n<meta name=\"description\" content=\"Monsieur Cr\u00e9maill\u00e8re proposes a free online catalog with a large choice of rack and pinion models. Find the part AND the price you are looking for based on your vehicle&#039;s model.\" \/>\n<meta name=\"robots\" content=\"index, follow, max-snippet:-1, max-image-preview:large, max-video-preview:-1\" \/>\n<link rel=\"canonical\" href=\"https:\/\/monsieurcremaillere.com\/site\/en\/products-and-services\/\" \/>\n<meta property=\"og:locale\" content=\"en_US\" \/>\n<meta property=\"og:type\" content=\"article\" \/>\n<meta property=\"og:title\" content=\"Products and services - MR. CREMALL\u00c8RE Inc.\" \/>\n<meta property=\"og:description\" content=\"Monsieur Cr\u00e9maill\u00e8re proposes a free online catalog with a large choice of rack and pinion models. Find the part AND the price you are looking for based on your vehicle&#039;s model.\" \/>\n<meta property=\"og:url\" content=\"https:\/\/monsieurcremaillere.com\/site\/en\/products-and-services\/\" \/>\n<meta property=\"og:site_name\" content=\"MR. CREMALL\u00c8RE Inc.\" \/>\n<meta property=\"article:modified_time\" content=\"2025-11-14T21:14:49+00:00\" \/>\n<meta property=\"og:image\" content=\"https:\/\/monsieurcremaillere.com\/site\/wp-content\/uploads\/2020\/03\/MCR1_logo_VER-01.png\" \/>\n\t<meta property=\"og:image:width\" content=\"400\" \/>\n\t<meta property=\"og:image:height\" content=\"253\" \/>\n\t<meta property=\"og:image:type\" content=\"image\/png\" \/>\n<meta name=\"twitter:card\" content=\"summary_large_image\" \/>\n<meta name=\"twitter:label1\" content=\"Est. reading time\" \/>\n\t<meta name=\"twitter:data1\" content=\"3 minutes\" \/>\n<script type=\"application\/ld+json\" class=\"yoast-schema-graph\">{\"@context\":\"https:\\\/\\\/schema.org\",\"@graph\":[{\"@type\":\"WebPage\",\"@id\":\"https:\\\/\\\/monsieurcremaillere.com\\\/site\\\/en\\\/products-and-services\\\/\",\"url\":\"https:\\\/\\\/monsieurcremaillere.com\\\/site\\\/en\\\/products-and-services\\\/\",\"name\":\"Products and services - MR. CREMALL\u00c8RE Inc.\",\"isPartOf\":{\"@id\":\"https:\\\/\\\/monsieurcremaillere.com\\\/site\\\/#website\"},\"datePublished\":\"2020-03-03T13:28:03+00:00\",\"dateModified\":\"2025-11-14T21:14:49+00:00\",\"description\":\"Monsieur Cr\u00e9maill\u00e8re proposes a free online catalog with a large choice of rack and pinion models. Find the part AND the price you are looking for based on your vehicle's model.\",\"breadcrumb\":{\"@id\":\"https:\\\/\\\/monsieurcremaillere.com\\\/site\\\/en\\\/products-and-services\\\/#breadcrumb\"},\"inLanguage\":\"en-US\",\"potentialAction\":[{\"@type\":\"ReadAction\",\"target\":[\"https:\\\/\\\/monsieurcremaillere.com\\\/site\\\/en\\\/products-and-services\\\/\"]}]},{\"@type\":\"BreadcrumbList\",\"@id\":\"https:\\\/\\\/monsieurcremaillere.com\\\/site\\\/en\\\/products-and-services\\\/#breadcrumb\",\"itemListElement\":[{\"@type\":\"ListItem\",\"position\":1,\"name\":\"Accueil\",\"item\":\"https:\\\/\\\/monsieurcremaillere.com\\\/site\\\/en\\\/\"},{\"@type\":\"ListItem\",\"position\":2,\"name\":\"Products and services\"}]},{\"@type\":\"WebSite\",\"@id\":\"https:\\\/\\\/monsieurcremaillere.com\\\/site\\\/#website\",\"url\":\"https:\\\/\\\/monsieurcremaillere.com\\\/site\\\/\",\"name\":\"MR. CR\u00c9MALL\u00c8RE Inc\",\"description\":\"Les VRAIS sp\u00e9cialistes!\",\"publisher\":{\"@id\":\"https:\\\/\\\/monsieurcremaillere.com\\\/site\\\/#organization\"},\"alternateName\":\"MC\",\"potentialAction\":[{\"@type\":\"SearchAction\",\"target\":{\"@type\":\"EntryPoint\",\"urlTemplate\":\"https:\\\/\\\/monsieurcremaillere.com\\\/site\\\/?s={search_term_string}\"},\"query-input\":{\"@type\":\"PropertyValueSpecification\",\"valueRequired\":true,\"valueName\":\"search_term_string\"}}],\"inLanguage\":\"en-US\"},{\"@type\":\"Organization\",\"@id\":\"https:\\\/\\\/monsieurcremaillere.com\\\/site\\\/#organization\",\"name\":\"MR. CR\u00c9MALL\u00c8RE Inc\",\"alternateName\":\"MC\",\"url\":\"https:\\\/\\\/monsieurcremaillere.com\\\/site\\\/\",\"logo\":{\"@type\":\"ImageObject\",\"inLanguage\":\"en-US\",\"@id\":\"https:\\\/\\\/monsieurcremaillere.com\\\/site\\\/#\\\/schema\\\/logo\\\/image\\\/\",\"url\":\"https:\\\/\\\/monsieurcremaillere.com\\\/site\\\/wp-content\\\/uploads\\\/2020\\\/03\\\/MCR1_logo_VER-01.png\",\"contentUrl\":\"https:\\\/\\\/monsieurcremaillere.com\\\/site\\\/wp-content\\\/uploads\\\/2020\\\/03\\\/MCR1_logo_VER-01.png\",\"width\":400,\"height\":253,\"caption\":\"MR. CR\u00c9MALL\u00c8RE Inc\"},\"image\":{\"@id\":\"https:\\\/\\\/monsieurcremaillere.com\\\/site\\\/#\\\/schema\\\/logo\\\/image\\\/\"}}]}<\/script>\n<!-- \/ Yoast SEO plugin. -->","yoast_head_json":{"title":"Products and services - MR. CREMALL\u00c8RE Inc.","description":"Monsieur Cr\u00e9maill\u00e8re proposes a free online catalog with a large choice of rack and pinion models. Find the part AND the price you are looking for based on your vehicle's model.","robots":{"index":"index","follow":"follow","max-snippet":"max-snippet:-1","max-image-preview":"max-image-preview:large","max-video-preview":"max-video-preview:-1"},"canonical":"https:\/\/monsieurcremaillere.com\/site\/en\/products-and-services\/","og_locale":"en_US","og_type":"article","og_title":"Products and services - MR. CREMALL\u00c8RE Inc.","og_description":"Monsieur Cr\u00e9maill\u00e8re proposes a free online catalog with a large choice of rack and pinion models. Find the part AND the price you are looking for based on your vehicle's model.","og_url":"https:\/\/monsieurcremaillere.com\/site\/en\/products-and-services\/","og_site_name":"MR. CREMALL\u00c8RE Inc.","article_modified_time":"2025-11-14T21:14:49+00:00","og_image":[{"width":400,"height":253,"url":"https:\/\/monsieurcremaillere.com\/site\/wp-content\/uploads\/2020\/03\/MCR1_logo_VER-01.png","type":"image\/png"}],"twitter_card":"summary_large_image","twitter_misc":{"Est. reading time":"3 minutes"},"schema":{"@context":"https:\/\/schema.org","@graph":[{"@type":"WebPage","@id":"https:\/\/monsieurcremaillere.com\/site\/en\/products-and-services\/","url":"https:\/\/monsieurcremaillere.com\/site\/en\/products-and-services\/","name":"Products and services - MR. CREMALL\u00c8RE Inc.","isPartOf":{"@id":"https:\/\/monsieurcremaillere.com\/site\/#website"},"datePublished":"2020-03-03T13:28:03+00:00","dateModified":"2025-11-14T21:14:49+00:00","description":"Monsieur Cr\u00e9maill\u00e8re proposes a free online catalog with a large choice of rack and pinion models. Find the part AND the price you are looking for based on your vehicle's model.","breadcrumb":{"@id":"https:\/\/monsieurcremaillere.com\/site\/en\/products-and-services\/#breadcrumb"},"inLanguage":"en-US","potentialAction":[{"@type":"ReadAction","target":["https:\/\/monsieurcremaillere.com\/site\/en\/products-and-services\/"]}]},{"@type":"BreadcrumbList","@id":"https:\/\/monsieurcremaillere.com\/site\/en\/products-and-services\/#breadcrumb","itemListElement":[{"@type":"ListItem","position":1,"name":"Accueil","item":"https:\/\/monsieurcremaillere.com\/site\/en\/"},{"@type":"ListItem","position":2,"name":"Products and services"}]},{"@type":"WebSite","@id":"https:\/\/monsieurcremaillere.com\/site\/#website","url":"https:\/\/monsieurcremaillere.com\/site\/","name":"MR. CR\u00c9MALL\u00c8RE Inc","description":"Les VRAIS sp\u00e9cialistes!","publisher":{"@id":"https:\/\/monsieurcremaillere.com\/site\/#organization"},"alternateName":"MC","potentialAction":[{"@type":"SearchAction","target":{"@type":"EntryPoint","urlTemplate":"https:\/\/monsieurcremaillere.com\/site\/?s={search_term_string}"},"query-input":{"@type":"PropertyValueSpecification","valueRequired":true,"valueName":"search_term_string"}}],"inLanguage":"en-US"},{"@type":"Organization","@id":"https:\/\/monsieurcremaillere.com\/site\/#organization","name":"MR. CR\u00c9MALL\u00c8RE Inc","alternateName":"MC","url":"https:\/\/monsieurcremaillere.com\/site\/","logo":{"@type":"ImageObject","inLanguage":"en-US","@id":"https:\/\/monsieurcremaillere.com\/site\/#\/schema\/logo\/image\/","url":"https:\/\/monsieurcremaillere.com\/site\/wp-content\/uploads\/2020\/03\/MCR1_logo_VER-01.png","contentUrl":"https:\/\/monsieurcremaillere.com\/site\/wp-content\/uploads\/2020\/03\/MCR1_logo_VER-01.png","width":400,"height":253,"caption":"MR. CR\u00c9MALL\u00c8RE Inc"},"image":{"@id":"https:\/\/monsieurcremaillere.com\/site\/#\/schema\/logo\/image\/"}}]}},"_links":{"self":[{"href":"https:\/\/monsieurcremaillere.com\/site\/en\/wp-json\/wp\/v2\/pages\/16578","targetHints":{"allow":["GET"]}}],"collection":[{"href":"https:\/\/monsieurcremaillere.com\/site\/en\/wp-json\/wp\/v2\/pages"}],"about":[{"href":"https:\/\/monsieurcremaillere.com\/site\/en\/wp-json\/wp\/v2\/types\/page"}],"author":[{"embeddable":true,"href":"https:\/\/monsieurcremaillere.com\/site\/en\/wp-json\/wp\/v2\/users\/1"}],"replies":[{"embeddable":true,"href":"https:\/\/monsieurcremaillere.com\/site\/en\/wp-json\/wp\/v2\/comments?post=16578"}],"version-history":[{"count":23,"href":"https:\/\/monsieurcremaillere.com\/site\/en\/wp-json\/wp\/v2\/pages\/16578\/revisions"}],"predecessor-version":[{"id":17220,"href":"https:\/\/monsieurcremaillere.com\/site\/en\/wp-json\/wp\/v2\/pages\/16578\/revisions\/17220"}],"wp:attachment":[{"href":"https:\/\/monsieurcremaillere.com\/site\/en\/wp-json\/wp\/v2\/media?parent=16578"}],"curies":[{"name":"wp","href":"https:\/\/api.w.org\/{rel}","templated":true}]}}