{"id":16589,"date":"2020-03-03T08:28:48","date_gmt":"2020-03-03T13:28:48","guid":{"rendered":"https:\/\/monsieurcremaillere.com\/site\/garantie-certifie\/"},"modified":"2025-04-22T19:35:15","modified_gmt":"2025-04-22T23:35:15","slug":"certified-warranty","status":"publish","type":"page","link":"https:\/\/monsieurcremaillere.com\/site\/en\/certified-warranty\/","title":{"rendered":"CERTIFIED  WARRANTY"},"content":{"rendered":"<p>[vc_row css_animation=&#8221;&#8221; row_type=&#8221;row&#8221; use_row_as_full_screen_section=&#8221;no&#8221; type=&#8221;grid&#8221; angled_section=&#8221;no&#8221; text_align=&#8221;left&#8221; background_image_as_pattern=&#8221;without_pattern&#8221; padding_top=&#8221;90&#8243; padding_bottom=&#8221;90&#8243; anchor=&#8221;portfolio&#8221; background_color=&#8221;#f8f8f8&#8243;][vc_column][vc_column_text]<\/p>\n<h3>OUR GUARANTEE POLICY<\/h3>\n<p>[\/vc_column_text][vc_separator type=&#8221;small&#8221; position=&#8221;left&#8221; width_in_percentages=&#8221;yes&#8221; color=&#8221;#cecece&#8221; thickness=&#8221;2&#8243; width=&#8221;25&#8243; up=&#8221;25&#8243; down=&#8221;10&#8243;][vc_column_text]<\/p>\n<h4>GENERAL WARRANTY POLICY<\/h4>\n<p>[\/vc_column_text][vc_separator type=&#8221;transparent&#8221; down=&#8221;0&#8243; up=&#8221;12&#8243;][vc_column_text]<span style=\"vertical-align: inherit;\"><span style=\"vertical-align: inherit;\"><strong>Our remanufactured racks have a<\/strong> <strong>1 year warranty<\/strong>. This warranty is not transferable and does not apply to products whose power steering oil does not meet requirements, bellows are damaged or that the main shaft under the end caps is rusted. <strong>No warranty will be applicable in these cases<\/strong>. Rods and end caps have a one year warranty on parts only. For parts with guaranteed labor or our other products, please see the detailed return conditions for more details and how to proceed.<\/span><\/span>[\/vc_column_text][vc_separator type=&#8221;small&#8221; position=&#8221;left&#8221; width_in_percentages=&#8221;yes&#8221; color=&#8221;#cecece&#8221; thickness=&#8221;2&#8243; width=&#8221;25&#8243; up=&#8221;25&#8243; down=&#8221;10&#8243;][vc_column_text]<\/p>\n<h4>WARRANTY BY PRODUCT NUMBER<\/h4>\n<p>[\/vc_column_text][vc_separator type=&#8221;transparent&#8221; down=&#8221;0&#8243; up=&#8221;12&#8243;][vc_column_text]<strong><span style=\"vertical-align: inherit;\"><span style=\"vertical-align: inherit;\">HY<\/span><\/span><\/strong><span style=\"vertical-align: inherit;\"><span style=\"vertical-align: inherit;\"> : <span style=\"vertical-align: inherit;\">The parts and the labor are guaranteed for 1 year according to the detailed return conditions.<\/span><\/span><\/span><\/p>\n<p><strong><span style=\"vertical-align: inherit;\"><span style=\"vertical-align: inherit;\">MS<\/span><\/span><\/strong><span style=\"vertical-align: inherit;\"><span style=\"vertical-align: inherit;\"> : The parts and the labor are guaranteed for 1 year according to the detailed return conditions.<\/span><\/span><\/p>\n<p><strong><span style=\"vertical-align: inherit;\"><span style=\"vertical-align: inherit;\">PS<\/span><\/span><\/strong><span style=\"vertical-align: inherit;\"><span style=\"vertical-align: inherit;\">\u00a0: The parts are only guaranteed for 1 year according to the detailed return conditions.<\/span><\/span><\/p>\n<p><strong><span style=\"vertical-align: inherit;\"><span style=\"vertical-align: inherit;\">REMANUFACTURED EPS<\/span><\/span><\/strong><span style=\"vertical-align: inherit;\"><span style=\"vertical-align: inherit;\"> : The parts and labor are guaranteed for 1 year according to the detailed return conditions.<\/span><\/span><\/p>\n<p><strong><span style=\"vertical-align: inherit;\"><span style=\"vertical-align: inherit;\">NEW EPS<\/span><\/span><\/strong><span style=\"vertical-align: inherit;\"><span style=\"vertical-align: inherit;\"> : The parts and the labor are guaranteed for 1 year according to the detailed return conditions.<\/span><\/span>[\/vc_column_text][vc_separator type=&#8221;small&#8221; position=&#8221;left&#8221; width_in_percentages=&#8221;yes&#8221; color=&#8221;#cecece&#8221; thickness=&#8221;2&#8243; width=&#8221;25&#8243; up=&#8221;25&#8243; down=&#8221;10&#8243;][vc_column_text]<\/p>\n<h4>DETAILED RETURN CONDITIONS<\/h4>\n<p>[\/vc_column_text][vc_separator type=&#8221;transparent&#8221; down=&#8221;0&#8243; up=&#8221;12&#8243;][vc_column_text]For any warranty, you must first contact one of our clerks, to take advantage of technical support before making a change of part on the vehicle, then obtain an authorization number if the change is deemed necessary. You will need to provide the following information:[\/vc_column_text][vc_separator type=&#8221;small&#8221; position=&#8221;left&#8221; width_in_percentages=&#8221;yes&#8221; color=&#8221;#cecece&#8221; thickness=&#8221;1&#8243; width=&#8221;10&#8243; up=&#8221;25&#8243; down=&#8221;10&#8243;][vc_column_text css=&#8221;.vc_custom_1584453981057{padding-left: 20px !important;}&#8221;]<\/p>\n<h5>Procedures for distributors or resellers, you must provide<\/h5>\n<p>[\/vc_column_text][vc_separator type=&#8221;transparent&#8221; down=&#8221;0&#8243; up=&#8221;6&#8243;][vc_column_text css=&#8221;.vc_custom_1584978967925{padding-left: 20px !important;}&#8221;]<span style=\"font-weight: 400;\">The part number, the name of garage owner, the reason for the return as well as a copy of the invoice for the first installation and that of the replacement with the full description of the vehicle, namely: the brand, model, year and vehicle registration number with your previously authorized return number.<\/span>[\/vc_column_text][vc_separator type=&#8221;small&#8221; position=&#8221;left&#8221; width_in_percentages=&#8221;yes&#8221; color=&#8221;#cecece&#8221; thickness=&#8221;1&#8243; width=&#8221;10&#8243; up=&#8221;25&#8243; down=&#8221;10&#8243;][vc_column_text css=&#8221;.vc_custom_1584454032965{padding-left: 20px !important;}&#8221;]<\/p>\n<h5>Procedures for garage owners, you must provide us with:<\/h5>\n<p>[\/vc_column_text][vc_separator type=&#8221;transparent&#8221; down=&#8221;0&#8243; up=&#8221;6&#8243;][vc_column_text css=&#8221;.vc_custom_1584979011177{padding-left: 20px !important;}&#8221;]The number of the original purchase invoice from Mr. Cr\u00e9maill\u00e8re, the part number, the reason for the return as well as a copy of the invoice for the first installation and that of the replacement with the full description of the vehicle, namely: the brand, model, year and vehicle registration number with your previously authorized return number.<\/p>\n<p>&nbsp;<\/p>\n<p>After verification and approval of the defect, a credit will be issued to you in full, that is, the part and the component, upon return of the component. For labor, the amount will be granted to you on the same credit according to the pre-authorized conditions of Monsieur Cr\u00e9maill\u00e8re (1985) inc. Please note that transportation costs are not covered.<\/p>\n<p>&nbsp;<\/p>\n<p>All returned defective parts which will be rusted or damaged by negligence or by chance will be partially refused. You will be given credit for the part. However, you will not be given any credit for the original price of the component. It is the responsibility of the customer to check the condition of the part to ensure the validity of their warranty before making the change and not to damage it during the change.<\/p>\n<p>&nbsp;<\/p>\n<p>Guarantees of less than one year must be checked and approved by a technician from Monsieur Cr\u00e9maill\u00e8re (1985) inc. Once the part is approved, an amount of $ 30 an hour will be granted to you with reference to the number of hours established in Mr. Cr\u00e9maill\u00e8re&#8217;s online catalog only. Please note, no alignment or programming will be covered.<\/p>\n<p>&nbsp;<\/p>\n<p>Please note that the tie rods are included with the rack to reduce the chances of water getting into them. On the other hand, the rods are separate parts, they are only guaranteed for one year and without labor. Consequently, the customer cannot claim a defective part due to loose links or costs will be charged to him or her as a return of a new part at 10% of the price expected to cover the handling of the part.<\/p>\n<p>&nbsp;<\/p>\n<p>If the distributor grants a credit without the approval of one of our technicians, he will have to make sure that the warranty conditions have been respected, ie undamaged part, &#8220;shaft&#8221; under the non-rusted rubber end caps. Otherwise, the distributor must assume full responsibility for a credit not approved by Mr. Cr\u00e9maill\u00e8re (1985) inc.[\/vc_column_text][vc_separator type=&#8221;small&#8221; position=&#8221;left&#8221; width_in_percentages=&#8221;yes&#8221; color=&#8221;#cecece&#8221; thickness=&#8221;1&#8243; width=&#8221;10&#8243; up=&#8221;25&#8243; down=&#8221;10&#8243;][vc_column_text css=&#8221;.vc_custom_1584454143021{padding-left: 20px !important;}&#8221;]<span style=\"color: #ff0000;\">Attention important change!<\/span>[\/vc_column_text][vc_separator type=&#8221;transparent&#8221; down=&#8221;0&#8243; up=&#8221;6&#8243;][vc_column_text css=&#8221;.vc_custom_1736364039439{padding-left: 20px !important;}&#8221;]All \u201cMS\u201d electric power racks sold after January 1, 2019 will be guaranteed for 1 year. For those which were sold before this date, the corresponding warranty will be respected if the return conditions are respected.<\/p>\n<p>&nbsp;<\/p>\n<p>A charge of 20% of the price will be charged to you on the original discounted price for all &#8220;EPS&#8221; racks returned new in an unopened box, to defray the costs of transport, handling and packaging.<\/p>\n<p>&nbsp;<\/p>\n<p>No electronic parts can be returned as new after having been installed on a vehicle or having been handled by the customer because this will entail a return cost of 50% of the part on the discounted price in addition to the transport costs according to your agreement. Please note that Monsieur Cr\u00e9maill\u00e8re reserves the right at any time to refuse any open box.<\/p>\n<p>&nbsp;<\/p>\n<p>Return costs will be charged to you for damaged components or rusted \u201cshafts\u201d on certain specific models (EPS). Please refer to the online catalog.<\/p>\n<p>&nbsp;<\/p>\n<p>No alignment or programming are covered for hydraulic racks, electric power racks and electronic EPS racks.<\/p>\n<p>&nbsp;<\/p>\n<p>All racks with an \u201cS\u201d code and red in the online catalog will have a charge if the \u201cshafts\u201d are rusted. It is the distributor&#8217;s responsibility to properly inform his customer of the possibility of additional costs, half price on the return of an component if it is damaged. Consult the online catalog.<\/p>\n<p>&nbsp;<\/p>\n<p>For all racks returned without authorization as well as parts declared non-defective or changed for defective steering rods without the rack being in default, a charge of 10% will be charged to you on the original discounted price. In certain cases, delivery costs will be charged if applicable. The 10% charge on the return of new racks is still in effect on \u201cMS\u201d and \u201cPS\u201d.[\/vc_column_text][vc_separator type=&#8221;small&#8221; position=&#8221;left&#8221; width_in_percentages=&#8221;yes&#8221; color=&#8221;#cecece&#8221; thickness=&#8221;1&#8243; width=&#8221;10&#8243; up=&#8221;25&#8243; down=&#8221;10&#8243;][vc_column_text css=&#8221;.vc_custom_1583246894594{padding-left: 20px !important;}&#8221;]<\/p>\n<h5><span style=\"color: #d30000;\"><b>Restrictions<\/b><\/span><\/h5>\n<p>[\/vc_column_text][vc_separator type=&#8221;transparent&#8221; down=&#8221;0&#8243; up=&#8221;6&#8243;][vc_column_text css=&#8221;.vc_custom_1736364459640{padding-left: 20px !important;}&#8221;]<strong>Vehicles used for commercial purposes<\/strong> have a warranty of<strong> 6 months<\/strong>.<\/p>\n<p>&nbsp;<\/p>\n<p>In addition, <strong>racks damaged due to <\/strong>abuse, accidents or faulty facilities, as well as <strong>racing vehicles<\/strong> or vehicles with <strong>modified suspensions<\/strong> <span style=\"text-decoration: underline;\"><strong>are not covered.<\/strong><\/span><\/p>\n<p>&nbsp;<\/p>\n<p>Monsieur Cr\u00e9maill\u00e8re reserves the right to make an irrevocable decision whether a part is defective or not. <strong>By purchasing Monsieur Cr\u00e9maill\u00e8re products, you accept the manufacturer&#8217;s warranty conditions.<\/strong>[\/vc_column_text][\/vc_column][\/vc_row][vc_row css_animation=&#8221;&#8221; row_type=&#8221;row&#8221; use_row_as_full_screen_section=&#8221;no&#8221; type=&#8221;grid&#8221; angled_section=&#8221;no&#8221; text_align=&#8221;left&#8221; background_image_as_pattern=&#8221;without_pattern&#8221; padding_top=&#8221;48&#8243; padding_bottom=&#8221;52&#8243; background_color=&#8221;#f1f1f1&#8243;][vc_column][vc_single_image image=&#8221;16084&#8243; img_size=&#8221;full&#8221; alignment=&#8221;center&#8221; qode_css_animation=&#8221;&#8221;][vc_separator type=&#8221;transparent&#8221; down=&#8221;5&#8243; up=&#8221;5&#8243;][vc_column_text]<\/p>\n<h6 style=\"text-align: center;\"><span style=\"color: #f53644;\"><span style=\"color: #333300;\"><span style=\"vertical-align: inherit;\"><span style=\"vertical-align: inherit;\">Mr. Cr\u00e9maill\u00e8re <\/span><\/span><\/span> <span style=\"color: #d30000;\"><span style=\"vertical-align: inherit;\"><span style=\"vertical-align: inherit;\">| A constantly evolving expert!<\/span><\/span><\/span><\/span><\/h6>\n<p>[\/vc_column_text][\/vc_column][\/vc_row]<\/p>\n","protected":false},"excerpt":{"rendered":"<p>[vc_row css_animation=&#8221;&#8221; row_type=&#8221;row&#8221; use_row_as_full_screen_section=&#8221;no&#8221; type=&#8221;grid&#8221; angled_section=&#8221;no&#8221; text_align=&#8221;left&#8221; background_image_as_pattern=&#8221;without_pattern&#8221; padding_top=&#8221;90&#8243; padding_bottom=&#8221;90&#8243; anchor=&#8221;portfolio&#8221; background_color=&#8221;#f8f8f8&#8243;][vc_column][vc_column_text] OUR GUARANTEE POLICY [\/vc_column_text][vc_separator type=&#8221;small&#8221; position=&#8221;left&#8221; width_in_percentages=&#8221;yes&#8221; color=&#8221;#cecece&#8221; thickness=&#8221;2&#8243; width=&#8221;25&#8243; up=&#8221;25&#8243; down=&#8221;10&#8243;][vc_column_text] GENERAL WARRANTY POLICY [\/vc_column_text][vc_separator type=&#8221;transparent&#8221; down=&#8221;0&#8243; up=&#8221;12&#8243;][vc_column_text]Our remanufactured racks have a 1 year warranty. This warranty is not transferable and does&#8230;<\/p>\n","protected":false},"author":1,"featured_media":0,"parent":0,"menu_order":0,"comment_status":"open","ping_status":"closed","template":"full_width.php","meta":{"footnotes":""},"class_list":["post-16589","page","type-page","status-publish","hentry"],"yoast_head":"<!-- This site is optimized with the Yoast SEO plugin v27.4 - https:\/\/yoast.com\/product\/yoast-seo-wordpress\/ -->\n<title>CERTIFIED WARRANTY - MR. CREMALL\u00c8RE Inc.<\/title>\n<meta name=\"description\" content=\"Discover the details of our warranty for rack and pinion systems, offering full peace of mind for your purchases.\" \/>\n<meta name=\"robots\" content=\"index, follow, max-snippet:-1, max-image-preview:large, max-video-preview:-1\" \/>\n<link rel=\"canonical\" href=\"https:\/\/monsieurcremaillere.com\/site\/en\/certified-warranty\/\" \/>\n<meta property=\"og:locale\" content=\"en_US\" \/>\n<meta property=\"og:type\" content=\"article\" \/>\n<meta property=\"og:title\" content=\"CERTIFIED WARRANTY - MR. CREMALL\u00c8RE Inc.\" \/>\n<meta property=\"og:description\" content=\"Discover the details of our warranty for rack and pinion systems, offering full peace of mind for your purchases.\" \/>\n<meta property=\"og:url\" content=\"https:\/\/monsieurcremaillere.com\/site\/en\/certified-warranty\/\" \/>\n<meta property=\"og:site_name\" content=\"MR. CREMALL\u00c8RE Inc.\" \/>\n<meta property=\"article:modified_time\" content=\"2025-04-22T23:35:15+00:00\" \/>\n<meta property=\"og:image\" content=\"https:\/\/monsieurcremaillere.com\/site\/wp-content\/uploads\/2020\/03\/MCR1_logo_VER-01.png\" \/>\n\t<meta property=\"og:image:width\" content=\"400\" \/>\n\t<meta property=\"og:image:height\" content=\"253\" \/>\n\t<meta property=\"og:image:type\" content=\"image\/png\" \/>\n<meta name=\"twitter:card\" content=\"summary_large_image\" \/>\n<meta name=\"twitter:label1\" content=\"Est. reading time\" \/>\n\t<meta name=\"twitter:data1\" content=\"6 minutes\" \/>\n<script type=\"application\/ld+json\" class=\"yoast-schema-graph\">{\"@context\":\"https:\\\/\\\/schema.org\",\"@graph\":[{\"@type\":\"WebPage\",\"@id\":\"https:\\\/\\\/monsieurcremaillere.com\\\/site\\\/en\\\/certified-warranty\\\/\",\"url\":\"https:\\\/\\\/monsieurcremaillere.com\\\/site\\\/en\\\/certified-warranty\\\/\",\"name\":\"CERTIFIED WARRANTY - MR. CREMALL\u00c8RE Inc.\",\"isPartOf\":{\"@id\":\"https:\\\/\\\/monsieurcremaillere.com\\\/site\\\/#website\"},\"datePublished\":\"2020-03-03T13:28:48+00:00\",\"dateModified\":\"2025-04-22T23:35:15+00:00\",\"description\":\"Discover the details of our warranty for rack and pinion systems, offering full peace of mind for your purchases.\",\"breadcrumb\":{\"@id\":\"https:\\\/\\\/monsieurcremaillere.com\\\/site\\\/en\\\/certified-warranty\\\/#breadcrumb\"},\"inLanguage\":\"en-US\",\"potentialAction\":[{\"@type\":\"ReadAction\",\"target\":[\"https:\\\/\\\/monsieurcremaillere.com\\\/site\\\/en\\\/certified-warranty\\\/\"]}]},{\"@type\":\"BreadcrumbList\",\"@id\":\"https:\\\/\\\/monsieurcremaillere.com\\\/site\\\/en\\\/certified-warranty\\\/#breadcrumb\",\"itemListElement\":[{\"@type\":\"ListItem\",\"position\":1,\"name\":\"Accueil\",\"item\":\"https:\\\/\\\/monsieurcremaillere.com\\\/site\\\/en\\\/\"},{\"@type\":\"ListItem\",\"position\":2,\"name\":\"CERTIFIED WARRANTY\"}]},{\"@type\":\"WebSite\",\"@id\":\"https:\\\/\\\/monsieurcremaillere.com\\\/site\\\/#website\",\"url\":\"https:\\\/\\\/monsieurcremaillere.com\\\/site\\\/\",\"name\":\"MR. CR\u00c9MALL\u00c8RE Inc\",\"description\":\"Les VRAIS sp\u00e9cialistes!\",\"publisher\":{\"@id\":\"https:\\\/\\\/monsieurcremaillere.com\\\/site\\\/#organization\"},\"alternateName\":\"MC\",\"potentialAction\":[{\"@type\":\"SearchAction\",\"target\":{\"@type\":\"EntryPoint\",\"urlTemplate\":\"https:\\\/\\\/monsieurcremaillere.com\\\/site\\\/?s={search_term_string}\"},\"query-input\":{\"@type\":\"PropertyValueSpecification\",\"valueRequired\":true,\"valueName\":\"search_term_string\"}}],\"inLanguage\":\"en-US\"},{\"@type\":\"Organization\",\"@id\":\"https:\\\/\\\/monsieurcremaillere.com\\\/site\\\/#organization\",\"name\":\"MR. CR\u00c9MALL\u00c8RE Inc\",\"alternateName\":\"MC\",\"url\":\"https:\\\/\\\/monsieurcremaillere.com\\\/site\\\/\",\"logo\":{\"@type\":\"ImageObject\",\"inLanguage\":\"en-US\",\"@id\":\"https:\\\/\\\/monsieurcremaillere.com\\\/site\\\/#\\\/schema\\\/logo\\\/image\\\/\",\"url\":\"https:\\\/\\\/monsieurcremaillere.com\\\/site\\\/wp-content\\\/uploads\\\/2020\\\/03\\\/MCR1_logo_VER-01.png\",\"contentUrl\":\"https:\\\/\\\/monsieurcremaillere.com\\\/site\\\/wp-content\\\/uploads\\\/2020\\\/03\\\/MCR1_logo_VER-01.png\",\"width\":400,\"height\":253,\"caption\":\"MR. CR\u00c9MALL\u00c8RE Inc\"},\"image\":{\"@id\":\"https:\\\/\\\/monsieurcremaillere.com\\\/site\\\/#\\\/schema\\\/logo\\\/image\\\/\"}}]}<\/script>\n<!-- \/ Yoast SEO plugin. -->","yoast_head_json":{"title":"CERTIFIED WARRANTY - MR. CREMALL\u00c8RE Inc.","description":"Discover the details of our warranty for rack and pinion systems, offering full peace of mind for your purchases.","robots":{"index":"index","follow":"follow","max-snippet":"max-snippet:-1","max-image-preview":"max-image-preview:large","max-video-preview":"max-video-preview:-1"},"canonical":"https:\/\/monsieurcremaillere.com\/site\/en\/certified-warranty\/","og_locale":"en_US","og_type":"article","og_title":"CERTIFIED WARRANTY - MR. CREMALL\u00c8RE Inc.","og_description":"Discover the details of our warranty for rack and pinion systems, offering full peace of mind for your purchases.","og_url":"https:\/\/monsieurcremaillere.com\/site\/en\/certified-warranty\/","og_site_name":"MR. CREMALL\u00c8RE Inc.","article_modified_time":"2025-04-22T23:35:15+00:00","og_image":[{"width":400,"height":253,"url":"https:\/\/monsieurcremaillere.com\/site\/wp-content\/uploads\/2020\/03\/MCR1_logo_VER-01.png","type":"image\/png"}],"twitter_card":"summary_large_image","twitter_misc":{"Est. reading time":"6 minutes"},"schema":{"@context":"https:\/\/schema.org","@graph":[{"@type":"WebPage","@id":"https:\/\/monsieurcremaillere.com\/site\/en\/certified-warranty\/","url":"https:\/\/monsieurcremaillere.com\/site\/en\/certified-warranty\/","name":"CERTIFIED WARRANTY - MR. CREMALL\u00c8RE Inc.","isPartOf":{"@id":"https:\/\/monsieurcremaillere.com\/site\/#website"},"datePublished":"2020-03-03T13:28:48+00:00","dateModified":"2025-04-22T23:35:15+00:00","description":"Discover the details of our warranty for rack and pinion systems, offering full peace of mind for your purchases.","breadcrumb":{"@id":"https:\/\/monsieurcremaillere.com\/site\/en\/certified-warranty\/#breadcrumb"},"inLanguage":"en-US","potentialAction":[{"@type":"ReadAction","target":["https:\/\/monsieurcremaillere.com\/site\/en\/certified-warranty\/"]}]},{"@type":"BreadcrumbList","@id":"https:\/\/monsieurcremaillere.com\/site\/en\/certified-warranty\/#breadcrumb","itemListElement":[{"@type":"ListItem","position":1,"name":"Accueil","item":"https:\/\/monsieurcremaillere.com\/site\/en\/"},{"@type":"ListItem","position":2,"name":"CERTIFIED WARRANTY"}]},{"@type":"WebSite","@id":"https:\/\/monsieurcremaillere.com\/site\/#website","url":"https:\/\/monsieurcremaillere.com\/site\/","name":"MR. CR\u00c9MALL\u00c8RE Inc","description":"Les VRAIS sp\u00e9cialistes!","publisher":{"@id":"https:\/\/monsieurcremaillere.com\/site\/#organization"},"alternateName":"MC","potentialAction":[{"@type":"SearchAction","target":{"@type":"EntryPoint","urlTemplate":"https:\/\/monsieurcremaillere.com\/site\/?s={search_term_string}"},"query-input":{"@type":"PropertyValueSpecification","valueRequired":true,"valueName":"search_term_string"}}],"inLanguage":"en-US"},{"@type":"Organization","@id":"https:\/\/monsieurcremaillere.com\/site\/#organization","name":"MR. CR\u00c9MALL\u00c8RE Inc","alternateName":"MC","url":"https:\/\/monsieurcremaillere.com\/site\/","logo":{"@type":"ImageObject","inLanguage":"en-US","@id":"https:\/\/monsieurcremaillere.com\/site\/#\/schema\/logo\/image\/","url":"https:\/\/monsieurcremaillere.com\/site\/wp-content\/uploads\/2020\/03\/MCR1_logo_VER-01.png","contentUrl":"https:\/\/monsieurcremaillere.com\/site\/wp-content\/uploads\/2020\/03\/MCR1_logo_VER-01.png","width":400,"height":253,"caption":"MR. CR\u00c9MALL\u00c8RE Inc"},"image":{"@id":"https:\/\/monsieurcremaillere.com\/site\/#\/schema\/logo\/image\/"}}]}},"_links":{"self":[{"href":"https:\/\/monsieurcremaillere.com\/site\/en\/wp-json\/wp\/v2\/pages\/16589","targetHints":{"allow":["GET"]}}],"collection":[{"href":"https:\/\/monsieurcremaillere.com\/site\/en\/wp-json\/wp\/v2\/pages"}],"about":[{"href":"https:\/\/monsieurcremaillere.com\/site\/en\/wp-json\/wp\/v2\/types\/page"}],"author":[{"embeddable":true,"href":"https:\/\/monsieurcremaillere.com\/site\/en\/wp-json\/wp\/v2\/users\/1"}],"replies":[{"embeddable":true,"href":"https:\/\/monsieurcremaillere.com\/site\/en\/wp-json\/wp\/v2\/comments?post=16589"}],"version-history":[{"count":12,"href":"https:\/\/monsieurcremaillere.com\/site\/en\/wp-json\/wp\/v2\/pages\/16589\/revisions"}],"predecessor-version":[{"id":16867,"href":"https:\/\/monsieurcremaillere.com\/site\/en\/wp-json\/wp\/v2\/pages\/16589\/revisions\/16867"}],"wp:attachment":[{"href":"https:\/\/monsieurcremaillere.com\/site\/en\/wp-json\/wp\/v2\/media?parent=16589"}],"curies":[{"name":"wp","href":"https:\/\/api.w.org\/{rel}","templated":true}]}}