{"id":16602,"date":"2020-03-03T11:11:29","date_gmt":"2020-03-03T16:11:29","guid":{"rendered":"https:\/\/monsieurcremaillere.com\/site\/politique-de-confidentialite\/"},"modified":"2025-10-07T15:32:39","modified_gmt":"2025-10-07T19:32:39","slug":"privacy-policy","status":"publish","type":"page","link":"https:\/\/monsieurcremaillere.com\/site\/en\/privacy-policy\/","title":{"rendered":"Privacy policy"},"content":{"rendered":"<p>[vc_row css_animation=&#8221;&#8221; row_type=&#8221;row&#8221; use_row_as_full_screen_section=&#8221;no&#8221; type=&#8221;grid&#8221; angled_section=&#8221;no&#8221; text_align=&#8221;left&#8221; background_image_as_pattern=&#8221;without_pattern&#8221; padding_top=&#8221;90&#8243; padding_bottom=&#8221;90&#8243; anchor=&#8221;portfolio&#8221; background_color=&#8221;#f8f8f8&#8243;][vc_column][vc_column_text]<\/p>\n<h2 class=\"typography-section-subhead\">PRESERVE YOUR CONFIDENTIALITY<\/h2>\n<p>[\/vc_column_text][vc_separator type=&#8221;small&#8221; position=&#8221;left&#8221; width_in_percentages=&#8221;yes&#8221; color=&#8221;#cecece&#8221; thickness=&#8221;2&#8243; width=&#8221;25&#8243; up=&#8221;25&#8243; down=&#8221;10&#8243;][vc_column_text]<\/p>\n<h4>RESPECTING PRIVACY IS A FUNDAMENTAL RIGHT<\/h4>\n<p>[\/vc_column_text][vc_separator type=&#8221;transparent&#8221; down=&#8221;0&#8243; up=&#8221;12&#8243;][vc_column_text]For Mr. Cr\u00e9maill\u00e8re, this is also a basic principle. Your devices play a vital role in a host of facets in your daily life. What you share &#8211; and the people with whom you share it &#8211; should therefore only depend on you. We do everything to protect your privacy.[\/vc_column_text][vc_separator type=&#8221;transparent&#8221; down=&#8221;0&#8243; up=&#8221;20&#8243;][vc_column_text]<\/p>\n<h5 class=\"typography-subsection-headline\" style=\"text-align: center;\">Mr. Cr\u00e9maill\u00e8re&#8217;s privacy policy was updated on March 1, 2020.<\/h5>\n<p>[\/vc_column_text][vc_separator type=&#8221;transparent&#8221; down=&#8221;0&#8243; up=&#8221;12&#8243;][vc_column_text]The confidentiality of our website visitors is very important to us, and we are committed to protecting it. This policy details what we do with your personal information.<br \/>\nConsenting to our use of cookies in accordance with this policy when you first visit our website allows us to use cookies each time you visit our site.<\/p>\n<p>&nbsp;<\/p>\n<p><strong>Collection of personal information<\/strong><\/p>\n<p>The following types of personal information may be collected, stored and used:<\/p>\n<p>Information about your computer, including your IP address, geographic location, type and version of your browser, and operating system;<br \/>\nInformation about your visits and your use of this website including the referring source, the duration of the visit, the pages viewed, and the navigation paths of websites;<br \/>\nInformation such as your e-mail address, which you provide to us when registering for the site;<br \/>\nInformation you enter when you create a profile on our website;<br \/>\nInformation such as your name and email address, which you enter to subscribe to our emails and \/ or newsletters;<br \/>\nInformation generated when using our site, including when, how often and under what circumstances you use it;<br \/>\nInformation relating to the purchases you make, the services you use or the transactions you make on our site, which include your name, address, telephone number, e-mail address and banking information;<br \/>\nInformation contained in all communications that you send to us by email or on our website, including their content and metadata;<br \/>\nAny other personal information that you provide to us.<br \/>\nBefore disclosing personal information to us about another person, you must obtain that person&#8217;s consent to the disclosure and processing of that personal information under the terms of this policy.<\/p>\n<p>&nbsp;<\/p>\n<p><strong>Use of your personal information<\/strong><\/p>\n<p>Personal information provided to us through our website will be used for the purposes described in this policy or on the relevant pages of the site. We may use your personal information to:<\/p>\n<p>Administer our website and our business;<br \/>\nPersonalize our website for you;<br \/>\nAllow your use of the services offered on our website;<br \/>\nSend you the goods purchased on our site;<br \/>\nProvide you with the services purchased on our site;<br \/>\nSend you statements, invoices and payment reminders, and collect your payments;<br \/>\nSend you marketing communications not related to marketing;<br \/>\nSend you email notifications that you have specifically requested;<br \/>\nTo send you marketing communications relating to our company or to carefully selected third-party companies which we think may be of interest to you, in the form of a publication, or if you have expressly given your consent, by e-mail or similar technology (you can inform us at any time of your desire to no longer receive marketing communications);<br \/>\nProcess requests and complaints relating to your website made by you or concerning you;<br \/>\nMaintain the security of our website and prevent fraud;<br \/>\nCheck compliance with the general conditions which govern the use of our website (including monitoring private messages sent through our website&#8217;s private messaging service); and other uses.<br \/>\nIf you submit personal information on our website for the purpose of publishing it, we will publish it and may use that information in accordance with the permissions you grant to us.<\/p>\n<p>Your privacy settings can be used to limit the publication of your information on our website and can be adjusted in your privacy settings on the website.<\/p>\n<p>Without your express consent, we will not provide your personal information to third parties for their direct marketing, or that of other third parties.<\/p>\n<p>&nbsp;<\/p>\n<p><strong>Retention of your personal information<\/strong><\/p>\n<p>This section details our data retention policies and procedures, which are designed to help us comply with our legal obligations regarding the retention and deletion of personal information.<br \/>\nPersonal information that we process for any purpose is not kept longer than is necessary for that purpose or for these purposes.<br \/>\nNotwithstanding the other provisions of this section, we will keep documents (including electronic documents) containing personal data:<br \/>\nTo the extent that we are required to do so by law;<br \/>\nIf we believe the documents may be relevant to any pending or potential legal proceeding; and<br \/>\nTo establish, exercise or defend our legal rights (including providing information to others for the purposes of fraud prevention and credit risk reduction).<\/p>\n<p>&nbsp;<\/p>\n<p><strong>Security of your personal information<\/strong><br \/>\nWe will take reasonable technical and organizational precautions to prevent the loss, misuse or alteration of your personal information.<br \/>\nWe will store all personal information you provide to us on secure servers (password and firewall protected).<br \/>\nAll electronic financial transactions carried out through our website will be protected by encryption technologies.<br \/>\nYou acknowledge that the transmission of information over the internet is inherently insecure, and that we cannot guarantee the security of your data sent over the internet. You are responsible for the confidentiality of the password you use to access our website; we will not ask you for your password (except when you identify yourself on our website).<\/p>\n<p>&nbsp;<\/p>\n<p><strong>Amendments<\/strong><br \/>\nWe may sometimes update this policy by posting a new version on our website. You should check this page regularly to ensure you are aware of any changes to this policy. We may notify you of changes to this policy by email or through the private messaging service on our website.<\/p>\n<p>&nbsp;<\/p>\n<p><strong>Your rights<\/strong><br \/>\nYou can ask us to provide you with any personal information we hold about you; the transfer of such information will be subject to the following conditions:<br \/>\nThe presentation of sufficient proof of your identity.<br \/>\nWe may retain the personal information you request to the extent permitted by law.<br \/>\nYou can ask us at any time not to process your personal information for marketing purposes.<br \/>\nIn practice, you will expressly agree in advance that we will use your personal information for marketing purposes or we will provide you with an opportunity to refuse the use of your personal information for marketing purposes.<\/p>\n<p>&nbsp;<\/p>\n<p><strong>Third party websites<\/strong><br \/>\nOur website contains hypertext links to and information about third party websites. We have no control over these sites, and are not responsible for their privacy policies or practices.<\/p>\n<p>&nbsp;<\/p>\n<p><strong>Updating information<\/strong><br \/>\nPlease let us know if the personal information we hold about you needs to be corrected or updated.<\/p>\n<p>&nbsp;<\/p>\n<p><strong>Cookies<\/strong><br \/>\nOur website uses cookies. A cookie is a file containing an identifier (a chain of letters and numbers) sent by a web server to a web browser and stored by the browser. The identifier is then sent back to the server each time the browser requests a page from the server. Cookies can be &#8220;persistent&#8221; or &#8220;session&#8221;: a persistent cookie is stored by the browser and remains valid until its expiration date, unless it is deleted by the user before this expiration date; as for a session cookie, it expires at the end of the user session, when the browser is closed. Cookies generally do not contain any information that personally identifies a user, but the personal information that we store about you may be linked to the information stored in cookies and obtained by cookies.<br \/>\nMost browsers allow you to refuse or accept cookies.<\/p>\n<p>For example:<\/p>\n<p>With Internet Explorer (version 10), you can block cookies by using the alternative settings for managing cookies available by clicking on &#8220;Tools&#8221;, &#8220;Internet options&#8221;, &#8220;Confidentiality&#8221; then &#8220;Advanced&#8221;;<br \/>\nwith Firefox (version 24), you can block all cookies by clicking on &#8220;Tools&#8221;, &#8220;Options&#8221;, &#8220;Confidentiality&#8221; then by selecting &#8220;Use personalized parameters for history&#8221; from the drop-down menu and by unchecking &#8220;Accept cookies from sites \u201d;<\/p>\n<p>and with Chrome (version 29), you can block all cookies by accessing the &#8220;Personalize and control&#8221; menu then by clicking on &#8220;Settings&#8221;, &#8220;Show advanced settings&#8221; and &#8220;Content settings&#8221; then by selecting &#8220;Prevent sites from define data \u201din the\u201c Cookies \u201dheader.<br \/>\nBlocking all cookies will have a negative impact on the use of many websites. If you block cookies, you will not be able to use all the features of our website.<br \/>\nYou can delete cookies already stored on your computer.<\/p>\n<p>Example:<br \/>\nwith Internet Explorer (version 10), you must delete the cookies file manually (you can find instructions to do so here http:\/\/support.microsoft.com\/kb\/278835);<br \/>\nwith Firefox (version 24), you can delete cookies by clicking on &#8220;Tools&#8221;, &#8220;Options&#8221;, and &#8220;Confidentiality&#8221;, then by selecting &#8220;Use personalized settings for history&#8221; and by clicking on &#8220;Show cookies&#8221; , then on &#8220;Delete all cookies&#8221;; and<br \/>\nwith Chrome (version 29), you can delete all cookies by accessing the &#8220;Personalize and control&#8221; menu then by clicking on &#8220;Settings&#8221;, &#8220;Show advanced settings&#8221; and &#8220;Delete browsing data&#8221; then &#8220;Delete cookies and module data from other sites \u201dbefore clicking on\u201c Delete browsing data \u201d.<br \/>\nDeleting cookies will have a negative impact on the use of many websites.[\/vc_column_text][vc_separator type=&#8221;transparent&#8221; down=&#8221;0&#8243; up=&#8221;6&#8243;][vc_column_text]<\/p>\n<p style=\"text-align: center;\"><strong>\u00a92020 | Monsieur Cr\u00e9maill\u00e8re (1985), <span class=\"w8qArf\"> 8959 Boulevard Henri-Bourassa E, Montreal, Quebec H1E 1P4<\/span><\/strong><\/p>\n<p>[\/vc_column_text][\/vc_column][\/vc_row][vc_row css_animation=&#8221;&#8221; row_type=&#8221;row&#8221; use_row_as_full_screen_section=&#8221;no&#8221; type=&#8221;grid&#8221; angled_section=&#8221;no&#8221; text_align=&#8221;left&#8221; background_image_as_pattern=&#8221;without_pattern&#8221; padding_top=&#8221;48&#8243; padding_bottom=&#8221;52&#8243; background_color=&#8221;#f1f1f1&#8243;][vc_column][vc_single_image image=&#8221;16084&#8243; img_size=&#8221;full&#8221; alignment=&#8221;center&#8221; qode_css_animation=&#8221;&#8221;][vc_separator type=&#8221;transparent&#8221; down=&#8221;5&#8243; up=&#8221;5&#8243;][vc_column_text]<\/p>\n<h6 style=\"text-align: center;\"><span style=\"color: #f53644;\"><span style=\"color: #333300;\">Monsieur Cr\u00e9maill\u00e8re<\/span> <span style=\"color: #d30000;\">| A constantly evolving expert!<\/span><\/span><\/h6>\n<p>[\/vc_column_text][\/vc_column][\/vc_row]<\/p>\n","protected":false},"excerpt":{"rendered":"<p>[vc_row css_animation=&#8221;&#8221; row_type=&#8221;row&#8221; use_row_as_full_screen_section=&#8221;no&#8221; type=&#8221;grid&#8221; angled_section=&#8221;no&#8221; text_align=&#8221;left&#8221; background_image_as_pattern=&#8221;without_pattern&#8221; padding_top=&#8221;90&#8243; padding_bottom=&#8221;90&#8243; anchor=&#8221;portfolio&#8221; background_color=&#8221;#f8f8f8&#8243;][vc_column][vc_column_text] PRESERVE YOUR CONFIDENTIALITY [\/vc_column_text][vc_separator type=&#8221;small&#8221; position=&#8221;left&#8221; width_in_percentages=&#8221;yes&#8221; color=&#8221;#cecece&#8221; thickness=&#8221;2&#8243; width=&#8221;25&#8243; up=&#8221;25&#8243; down=&#8221;10&#8243;][vc_column_text] RESPECTING PRIVACY IS A FUNDAMENTAL RIGHT [\/vc_column_text][vc_separator type=&#8221;transparent&#8221; down=&#8221;0&#8243; up=&#8221;12&#8243;][vc_column_text]For Mr. Cr\u00e9maill\u00e8re, this is also a basic principle. Your devices play&#8230;<\/p>\n","protected":false},"author":1,"featured_media":0,"parent":0,"menu_order":0,"comment_status":"open","ping_status":"closed","template":"full_width.php","meta":{"footnotes":""},"class_list":["post-16602","page","type-page","status-publish","hentry"],"yoast_head":"<!-- This site is optimized with the Yoast SEO plugin v27.4 - https:\/\/yoast.com\/product\/yoast-seo-wordpress\/ -->\n<title>Privacy policy - MR. CREMALL\u00c8RE Inc.<\/title>\n<meta name=\"robots\" content=\"index, follow, max-snippet:-1, max-image-preview:large, max-video-preview:-1\" \/>\n<link rel=\"canonical\" href=\"https:\/\/monsieurcremaillere.com\/site\/en\/privacy-policy\/\" \/>\n<meta property=\"og:locale\" content=\"en_US\" \/>\n<meta property=\"og:type\" content=\"article\" \/>\n<meta property=\"og:title\" content=\"Privacy policy - MR. CREMALL\u00c8RE Inc.\" \/>\n<meta property=\"og:description\" content=\"[vc_row css_animation=&#8221;&#8221; row_type=&#8221;row&#8221; use_row_as_full_screen_section=&#8221;no&#8221; type=&#8221;grid&#8221; angled_section=&#8221;no&#8221; text_align=&#8221;left&#8221; background_image_as_pattern=&#8221;without_pattern&#8221; padding_top=&#8221;90&#8243; padding_bottom=&#8221;90&#8243; anchor=&#8221;portfolio&#8221; background_color=&#8221;#f8f8f8&#8243;][vc_column][vc_column_text] PRESERVE YOUR CONFIDENTIALITY [\/vc_column_text][vc_separator type=&#8221;small&#8221; position=&#8221;left&#8221; width_in_percentages=&#8221;yes&#8221; color=&#8221;#cecece&#8221; thickness=&#8221;2&#8243; width=&#8221;25&#8243; up=&#8221;25&#8243; down=&#8221;10&#8243;][vc_column_text] RESPECTING PRIVACY IS A FUNDAMENTAL RIGHT [\/vc_column_text][vc_separator type=&#8221;transparent&#8221; down=&#8221;0&#8243; up=&#8221;12&#8243;][vc_column_text]For Mr. Cr\u00e9maill\u00e8re, this is also a basic principle. Your devices play...\" \/>\n<meta property=\"og:url\" content=\"https:\/\/monsieurcremaillere.com\/site\/en\/privacy-policy\/\" \/>\n<meta property=\"og:site_name\" content=\"MR. CREMALL\u00c8RE Inc.\" \/>\n<meta property=\"article:modified_time\" content=\"2025-10-07T19:32:39+00:00\" \/>\n<meta property=\"og:image\" content=\"https:\/\/monsieurcremaillere.com\/site\/wp-content\/uploads\/2020\/03\/MCR1_logo_VER-01.png\" \/>\n\t<meta property=\"og:image:width\" content=\"400\" \/>\n\t<meta property=\"og:image:height\" content=\"253\" \/>\n\t<meta property=\"og:image:type\" content=\"image\/png\" \/>\n<meta name=\"twitter:card\" content=\"summary_large_image\" \/>\n<meta name=\"twitter:label1\" content=\"Est. reading time\" \/>\n\t<meta name=\"twitter:data1\" content=\"9 minutes\" \/>\n<script type=\"application\/ld+json\" class=\"yoast-schema-graph\">{\"@context\":\"https:\\\/\\\/schema.org\",\"@graph\":[{\"@type\":\"WebPage\",\"@id\":\"https:\\\/\\\/monsieurcremaillere.com\\\/site\\\/en\\\/privacy-policy\\\/\",\"url\":\"https:\\\/\\\/monsieurcremaillere.com\\\/site\\\/en\\\/privacy-policy\\\/\",\"name\":\"Privacy policy - MR. CREMALL\u00c8RE Inc.\",\"isPartOf\":{\"@id\":\"https:\\\/\\\/monsieurcremaillere.com\\\/site\\\/#website\"},\"datePublished\":\"2020-03-03T16:11:29+00:00\",\"dateModified\":\"2025-10-07T19:32:39+00:00\",\"breadcrumb\":{\"@id\":\"https:\\\/\\\/monsieurcremaillere.com\\\/site\\\/en\\\/privacy-policy\\\/#breadcrumb\"},\"inLanguage\":\"en-US\",\"potentialAction\":[{\"@type\":\"ReadAction\",\"target\":[\"https:\\\/\\\/monsieurcremaillere.com\\\/site\\\/en\\\/privacy-policy\\\/\"]}]},{\"@type\":\"BreadcrumbList\",\"@id\":\"https:\\\/\\\/monsieurcremaillere.com\\\/site\\\/en\\\/privacy-policy\\\/#breadcrumb\",\"itemListElement\":[{\"@type\":\"ListItem\",\"position\":1,\"name\":\"Accueil\",\"item\":\"https:\\\/\\\/monsieurcremaillere.com\\\/site\\\/en\\\/\"},{\"@type\":\"ListItem\",\"position\":2,\"name\":\"Privacy policy\"}]},{\"@type\":\"WebSite\",\"@id\":\"https:\\\/\\\/monsieurcremaillere.com\\\/site\\\/#website\",\"url\":\"https:\\\/\\\/monsieurcremaillere.com\\\/site\\\/\",\"name\":\"MR. CR\u00c9MALL\u00c8RE Inc\",\"description\":\"Les VRAIS sp\u00e9cialistes!\",\"publisher\":{\"@id\":\"https:\\\/\\\/monsieurcremaillere.com\\\/site\\\/#organization\"},\"alternateName\":\"MC\",\"potentialAction\":[{\"@type\":\"SearchAction\",\"target\":{\"@type\":\"EntryPoint\",\"urlTemplate\":\"https:\\\/\\\/monsieurcremaillere.com\\\/site\\\/?s={search_term_string}\"},\"query-input\":{\"@type\":\"PropertyValueSpecification\",\"valueRequired\":true,\"valueName\":\"search_term_string\"}}],\"inLanguage\":\"en-US\"},{\"@type\":\"Organization\",\"@id\":\"https:\\\/\\\/monsieurcremaillere.com\\\/site\\\/#organization\",\"name\":\"MR. CR\u00c9MALL\u00c8RE Inc\",\"alternateName\":\"MC\",\"url\":\"https:\\\/\\\/monsieurcremaillere.com\\\/site\\\/\",\"logo\":{\"@type\":\"ImageObject\",\"inLanguage\":\"en-US\",\"@id\":\"https:\\\/\\\/monsieurcremaillere.com\\\/site\\\/#\\\/schema\\\/logo\\\/image\\\/\",\"url\":\"https:\\\/\\\/monsieurcremaillere.com\\\/site\\\/wp-content\\\/uploads\\\/2020\\\/03\\\/MCR1_logo_VER-01.png\",\"contentUrl\":\"https:\\\/\\\/monsieurcremaillere.com\\\/site\\\/wp-content\\\/uploads\\\/2020\\\/03\\\/MCR1_logo_VER-01.png\",\"width\":400,\"height\":253,\"caption\":\"MR. CR\u00c9MALL\u00c8RE Inc\"},\"image\":{\"@id\":\"https:\\\/\\\/monsieurcremaillere.com\\\/site\\\/#\\\/schema\\\/logo\\\/image\\\/\"}}]}<\/script>\n<!-- \/ Yoast SEO plugin. -->","yoast_head_json":{"title":"Privacy policy - MR. CREMALL\u00c8RE Inc.","robots":{"index":"index","follow":"follow","max-snippet":"max-snippet:-1","max-image-preview":"max-image-preview:large","max-video-preview":"max-video-preview:-1"},"canonical":"https:\/\/monsieurcremaillere.com\/site\/en\/privacy-policy\/","og_locale":"en_US","og_type":"article","og_title":"Privacy policy - MR. CREMALL\u00c8RE Inc.","og_description":"[vc_row css_animation=&#8221;&#8221; row_type=&#8221;row&#8221; use_row_as_full_screen_section=&#8221;no&#8221; type=&#8221;grid&#8221; angled_section=&#8221;no&#8221; text_align=&#8221;left&#8221; background_image_as_pattern=&#8221;without_pattern&#8221; padding_top=&#8221;90&#8243; padding_bottom=&#8221;90&#8243; anchor=&#8221;portfolio&#8221; background_color=&#8221;#f8f8f8&#8243;][vc_column][vc_column_text] PRESERVE YOUR CONFIDENTIALITY [\/vc_column_text][vc_separator type=&#8221;small&#8221; position=&#8221;left&#8221; width_in_percentages=&#8221;yes&#8221; color=&#8221;#cecece&#8221; thickness=&#8221;2&#8243; width=&#8221;25&#8243; up=&#8221;25&#8243; down=&#8221;10&#8243;][vc_column_text] RESPECTING PRIVACY IS A FUNDAMENTAL RIGHT [\/vc_column_text][vc_separator type=&#8221;transparent&#8221; down=&#8221;0&#8243; up=&#8221;12&#8243;][vc_column_text]For Mr. Cr\u00e9maill\u00e8re, this is also a basic principle. Your devices play...","og_url":"https:\/\/monsieurcremaillere.com\/site\/en\/privacy-policy\/","og_site_name":"MR. CREMALL\u00c8RE Inc.","article_modified_time":"2025-10-07T19:32:39+00:00","og_image":[{"width":400,"height":253,"url":"https:\/\/monsieurcremaillere.com\/site\/wp-content\/uploads\/2020\/03\/MCR1_logo_VER-01.png","type":"image\/png"}],"twitter_card":"summary_large_image","twitter_misc":{"Est. reading time":"9 minutes"},"schema":{"@context":"https:\/\/schema.org","@graph":[{"@type":"WebPage","@id":"https:\/\/monsieurcremaillere.com\/site\/en\/privacy-policy\/","url":"https:\/\/monsieurcremaillere.com\/site\/en\/privacy-policy\/","name":"Privacy policy - MR. CREMALL\u00c8RE Inc.","isPartOf":{"@id":"https:\/\/monsieurcremaillere.com\/site\/#website"},"datePublished":"2020-03-03T16:11:29+00:00","dateModified":"2025-10-07T19:32:39+00:00","breadcrumb":{"@id":"https:\/\/monsieurcremaillere.com\/site\/en\/privacy-policy\/#breadcrumb"},"inLanguage":"en-US","potentialAction":[{"@type":"ReadAction","target":["https:\/\/monsieurcremaillere.com\/site\/en\/privacy-policy\/"]}]},{"@type":"BreadcrumbList","@id":"https:\/\/monsieurcremaillere.com\/site\/en\/privacy-policy\/#breadcrumb","itemListElement":[{"@type":"ListItem","position":1,"name":"Accueil","item":"https:\/\/monsieurcremaillere.com\/site\/en\/"},{"@type":"ListItem","position":2,"name":"Privacy policy"}]},{"@type":"WebSite","@id":"https:\/\/monsieurcremaillere.com\/site\/#website","url":"https:\/\/monsieurcremaillere.com\/site\/","name":"MR. CR\u00c9MALL\u00c8RE Inc","description":"Les VRAIS sp\u00e9cialistes!","publisher":{"@id":"https:\/\/monsieurcremaillere.com\/site\/#organization"},"alternateName":"MC","potentialAction":[{"@type":"SearchAction","target":{"@type":"EntryPoint","urlTemplate":"https:\/\/monsieurcremaillere.com\/site\/?s={search_term_string}"},"query-input":{"@type":"PropertyValueSpecification","valueRequired":true,"valueName":"search_term_string"}}],"inLanguage":"en-US"},{"@type":"Organization","@id":"https:\/\/monsieurcremaillere.com\/site\/#organization","name":"MR. CR\u00c9MALL\u00c8RE Inc","alternateName":"MC","url":"https:\/\/monsieurcremaillere.com\/site\/","logo":{"@type":"ImageObject","inLanguage":"en-US","@id":"https:\/\/monsieurcremaillere.com\/site\/#\/schema\/logo\/image\/","url":"https:\/\/monsieurcremaillere.com\/site\/wp-content\/uploads\/2020\/03\/MCR1_logo_VER-01.png","contentUrl":"https:\/\/monsieurcremaillere.com\/site\/wp-content\/uploads\/2020\/03\/MCR1_logo_VER-01.png","width":400,"height":253,"caption":"MR. CR\u00c9MALL\u00c8RE Inc"},"image":{"@id":"https:\/\/monsieurcremaillere.com\/site\/#\/schema\/logo\/image\/"}}]}},"_links":{"self":[{"href":"https:\/\/monsieurcremaillere.com\/site\/en\/wp-json\/wp\/v2\/pages\/16602","targetHints":{"allow":["GET"]}}],"collection":[{"href":"https:\/\/monsieurcremaillere.com\/site\/en\/wp-json\/wp\/v2\/pages"}],"about":[{"href":"https:\/\/monsieurcremaillere.com\/site\/en\/wp-json\/wp\/v2\/types\/page"}],"author":[{"embeddable":true,"href":"https:\/\/monsieurcremaillere.com\/site\/en\/wp-json\/wp\/v2\/users\/1"}],"replies":[{"embeddable":true,"href":"https:\/\/monsieurcremaillere.com\/site\/en\/wp-json\/wp\/v2\/comments?post=16602"}],"version-history":[{"count":14,"href":"https:\/\/monsieurcremaillere.com\/site\/en\/wp-json\/wp\/v2\/pages\/16602\/revisions"}],"predecessor-version":[{"id":17096,"href":"https:\/\/monsieurcremaillere.com\/site\/en\/wp-json\/wp\/v2\/pages\/16602\/revisions\/17096"}],"wp:attachment":[{"href":"https:\/\/monsieurcremaillere.com\/site\/en\/wp-json\/wp\/v2\/media?parent=16602"}],"curies":[{"name":"wp","href":"https:\/\/api.w.org\/{rel}","templated":true}]}}