{"id":16168,"date":"2020-03-02T15:23:22","date_gmt":"2020-03-02T20:23:22","guid":{"rendered":"https:\/\/monsieurcremaillere.com\/site\/?page_id=16168"},"modified":"2025-09-03T22:34:40","modified_gmt":"2025-09-04T02:34:40","slug":"a-propos","status":"publish","type":"page","link":"https:\/\/monsieurcremaillere.com\/site\/accueil\/a-propos\/","title":{"rendered":"\u00c0 propos"},"content":{"rendered":"<p>[vc_row css_animation=\u00a0\u00bb\u00a0\u00bb row_type=\u00a0\u00bbrow\u00a0\u00bb use_row_as_full_screen_section=\u00a0\u00bbno\u00a0\u00bb type=\u00a0\u00bbgrid\u00a0\u00bb angled_section=\u00a0\u00bbno\u00a0\u00bb text_align=\u00a0\u00bbleft\u00a0\u00bb background_image_as_pattern=\u00a0\u00bbwithout_pattern\u00a0\u00bb padding_top=\u00a0\u00bb90&Prime; padding_bottom=\u00a0\u00bb90&Prime; anchor=\u00a0\u00bbportfolio\u00a0\u00bb background_color=\u00a0\u00bb#f8f8f8&Prime;][vc_column width=\u00a0\u00bb1\/2&Prime;][vc_single_image image=\u00a0\u00bb16078&Prime; img_size=\u00a0\u00bbfull\u00a0\u00bb alignment=\u00a0\u00bbcenter\u00a0\u00bb qode_css_animation=\u00a0\u00bbelement_from_left\u00a0\u00bb transition_delay=\u00a0\u00bb0.2&Prime;][\/vc_column][vc_column width=\u00a0\u00bb1\/2&Prime;][vc_column_text]<\/p>\n<h4>Notre Engagement Depuis Plus de 40 Ans<\/h4>\n<p>[\/vc_column_text][vc_separator type=\u00a0\u00bbtransparent\u00a0\u00bb down=\u00a0\u00bb0&Prime; up=\u00a0\u00bb12&Prime;][vc_column_text]<span style=\"font-weight: 400;\">Monsieur Cr\u00e9maill\u00e8re est une entreprise familiale fond\u00e9e en 1982. En 2020, une nouvelle direction a pris la rel\u00e8ve. Roberto Reda, propri\u00e9taire actuel, assure la continuit\u00e9 des activit\u00e9s tout en pr\u00e9servant les standards de qualit\u00e9, de comp\u00e9tences et de services qui ont b\u00e2ti la r\u00e9putation de Monsieur Cr\u00e9maill\u00e8re. Aujourd\u2019hui, nous allions l\u2019exp\u00e9rience d\u2019hier avec le m\u00eame souci du d\u00e9tail et le m\u00eame respect de nos clients.<\/span>[\/vc_column_text][vc_separator type=\u00a0\u00bbtransparent\u00a0\u00bb down=\u00a0\u00bb16&Prime; up=\u00a0\u00bb5&Prime;][\/vc_column][\/vc_row][vc_row css_animation=\u00a0\u00bb\u00a0\u00bb row_type=\u00a0\u00bbrow\u00a0\u00bb use_row_as_full_screen_section=\u00a0\u00bbno\u00a0\u00bb type=\u00a0\u00bbgrid\u00a0\u00bb angled_section=\u00a0\u00bbno\u00a0\u00bb text_align=\u00a0\u00bbleft\u00a0\u00bb background_image_as_pattern=\u00a0\u00bbwithout_pattern\u00a0\u00bb padding_top=\u00a0\u00bb90&Prime; padding_bottom=\u00a0\u00bb0&Prime; anchor=\u00a0\u00bbportfolio\u00a0\u00bb background_color=\u00a0\u00bb#f1f1f1&Prime;][vc_column width=\u00a0\u00bb1\/2&Prime;][vc_column_text]<\/p>\n<h4 style=\"text-align: left;\">LEADERSHIP ET\u00a0 PROGR\u00c8S<\/h4>\n<p>[\/vc_column_text][vc_separator type=\u00a0\u00bbtransparent\u00a0\u00bb down=\u00a0\u00bb0&Prime; up=\u00a0\u00bb12&Prime;][vc_column_text]En 2020, apr\u00e8s plus de 38 ann\u00e9es d\u2019efforts soutenus et de d\u00e9vouement, une nouvelle \u00e9tape s\u2019imposait : assurer l\u2019expansion de l\u2019entreprise et prolonger sa tradition de service. C\u2019est dans cet esprit que l\u2019entreprise a \u00e9t\u00e9 transmise \u00e0 une \u00e9quipe passionn\u00e9e, pr\u00eats \u00e0 relever les d\u00e9fis d\u2019un march\u00e9 en constante \u00e9volution et \u00e0 porter Monsieur Cr\u00e9maill\u00e8re vers de nouveaux horizons.[\/vc_column_text][vc_separator type=\u00a0\u00bbtransparent\u00a0\u00bb up=\u00a0\u00bb89&Prime; down=\u00a0\u00bb0&Prime;][\/vc_column][vc_column width=\u00a0\u00bb1\/2&Prime;][vc_single_image image=\u00a0\u00bb16650&Prime; img_size=\u00a0\u00bbfull\u00a0\u00bb alignment=\u00a0\u00bbcenter\u00a0\u00bb qode_css_animation=\u00a0\u00bbelement_from_right\u00a0\u00bb transition_delay=\u00a0\u00bb0.4&Prime;][vc_separator type=\u00a0\u00bbtransparent\u00a0\u00bb up=\u00a0\u00bb89&Prime; down=\u00a0\u00bb0&Prime;][\/vc_column][\/vc_row][vc_row css_animation=\u00a0\u00bb\u00a0\u00bb row_type=\u00a0\u00bbrow\u00a0\u00bb use_row_as_full_screen_section=\u00a0\u00bbno\u00a0\u00bb type=\u00a0\u00bbgrid\u00a0\u00bb angled_section=\u00a0\u00bbno\u00a0\u00bb text_align=\u00a0\u00bbleft\u00a0\u00bb background_image_as_pattern=\u00a0\u00bbwithout_pattern\u00a0\u00bb padding_top=\u00a0\u00bb90&Prime; padding_bottom=\u00a0\u00bb90&Prime; anchor=\u00a0\u00bbportfolio\u00a0\u00bb background_color=\u00a0\u00bb#f8f8f8&Prime;][vc_column width=\u00a0\u00bb1\/2&Prime;][vc_single_image image=\u00a0\u00bb16755&Prime; img_size=\u00a0\u00bbfull\u00a0\u00bb alignment=\u00a0\u00bbcenter\u00a0\u00bb qode_css_animation=\u00a0\u00bbelement_from_left\u00a0\u00bb transition_delay=\u00a0\u00bb0.2&Prime;][\/vc_column][vc_column width=\u00a0\u00bb1\/2&Prime;][vc_column_text]<\/p>\n<h4 style=\"text-align: left;\">ENTREPRENEUR D&rsquo;AVENIR<\/h4>\n<p>[\/vc_column_text][vc_separator type=\u00a0\u00bbtransparent\u00a0\u00bb down=\u00a0\u00bb0&Prime; up=\u00a0\u00bb12&Prime;][vc_column_text]<span style=\"font-weight: 400;\">Monsieur Cr\u00e9maill\u00e8re, une entreprise bien de chez nous qui est reconnue comme \u00e9tant la r\u00e9f\u00e9rence dans le domaine de la direction. Avec une vision \u00e9volutive, respectueuse de l&rsquo;environnement et un service sans \u00e9gal, Monsieur Cr\u00e9maill\u00e8re continue de grandir et de consolider sa place de leader dans l&rsquo;industrie.<\/span>[\/vc_column_text][vc_separator type=\u00a0\u00bbtransparent\u00a0\u00bb down=\u00a0\u00bb16&Prime; up=\u00a0\u00bb5&Prime;][\/vc_column][\/vc_row][vc_row css_animation=\u00a0\u00bb\u00a0\u00bb row_type=\u00a0\u00bbrow\u00a0\u00bb use_row_as_full_screen_section=\u00a0\u00bbno\u00a0\u00bb type=\u00a0\u00bbgrid\u00a0\u00bb angled_section=\u00a0\u00bbno\u00a0\u00bb text_align=\u00a0\u00bbleft\u00a0\u00bb background_image_as_pattern=\u00a0\u00bbwithout_pattern\u00a0\u00bb padding_top=\u00a0\u00bb48&Prime; padding_bottom=\u00a0\u00bb52&Prime; background_color=\u00a0\u00bb#f1f1f1&Prime;][vc_column][vc_single_image image=\u00a0\u00bb16084&Prime; img_size=\u00a0\u00bbfull\u00a0\u00bb alignment=\u00a0\u00bbcenter\u00a0\u00bb qode_css_animation=\u00a0\u00bb\u00a0\u00bb][vc_separator type=\u00a0\u00bbtransparent\u00a0\u00bb down=\u00a0\u00bb5&Prime; up=\u00a0\u00bb5&Prime;][vc_column_text]<\/p>\n<h6 style=\"text-align: center;\"><span style=\"color: #f53644;\"><span style=\"color: #333300;\"><span style=\"vertical-align: inherit;\"><span style=\"vertical-align: inherit;\">Mr. Cr\u00e9maill\u00e8re <\/span><\/span><\/span> <span style=\"color: #d30000;\"><span style=\"vertical-align: inherit;\"><span style=\"vertical-align: inherit;\">| Un expert en \u00e9volution<\/span><\/span><\/span><\/span><span style=\"color: #f53644;\"><span style=\"color: #d30000;\"><span style=\"vertical-align: inherit;\">\u00a0<\/span><\/span><\/span><span style=\"color: #f53644;\"><span style=\"color: #d30000;\"><span style=\"vertical-align: inherit;\"><span style=\"vertical-align: inherit;\">constante!<\/span><\/span><\/span><\/span><\/h6>\n<p>[\/vc_column_text][\/vc_column][\/vc_row]<\/p>\n","protected":false},"excerpt":{"rendered":"<p>[vc_row css_animation=\u00a0\u00bb\u00a0\u00bb row_type=\u00a0\u00bbrow\u00a0\u00bb use_row_as_full_screen_section=\u00a0\u00bbno\u00a0\u00bb type=\u00a0\u00bbgrid\u00a0\u00bb angled_section=\u00a0\u00bbno\u00a0\u00bb text_align=\u00a0\u00bbleft\u00a0\u00bb background_image_as_pattern=\u00a0\u00bbwithout_pattern\u00a0\u00bb padding_top=\u00a0\u00bb90&Prime; padding_bottom=\u00a0\u00bb90&Prime; anchor=\u00a0\u00bbportfolio\u00a0\u00bb background_color=\u00a0\u00bb#f8f8f8&Prime;][vc_column width=\u00a0\u00bb1\/2&Prime;][vc_single_image image=\u00a0\u00bb16078&Prime; img_size=\u00a0\u00bbfull\u00a0\u00bb alignment=\u00a0\u00bbcenter\u00a0\u00bb qode_css_animation=\u00a0\u00bbelement_from_left\u00a0\u00bb transition_delay=\u00a0\u00bb0.2&Prime;][\/vc_column][vc_column width=\u00a0\u00bb1\/2&Prime;][vc_column_text] Notre Engagement Depuis Plus de 40 Ans [\/vc_column_text][vc_separator type=\u00a0\u00bbtransparent\u00a0\u00bb down=\u00a0\u00bb0&Prime; up=\u00a0\u00bb12&Prime;][vc_column_text]Monsieur Cr\u00e9maill\u00e8re est une entreprise familiale fond\u00e9e en 1982. En 2020, une nouvelle direction a pris&#8230;<\/p>\n","protected":false},"author":1,"featured_media":0,"parent":16362,"menu_order":0,"comment_status":"open","ping_status":"closed","template":"full_width.php","meta":{"footnotes":""},"class_list":["post-16168","page","type-page","status-publish","hentry"],"yoast_head":"<!-- This site is optimized with the Yoast SEO plugin v27.4 - https:\/\/yoast.com\/product\/yoast-seo-wordpress\/ -->\n<title>\u00c0 propos - MR. CREMALL\u00c8RE Inc.<\/title>\n<meta name=\"description\" content=\"Experts en cr\u00e9maill\u00e8res. Alliez performance, qualit\u00e9 et savoir-faire local avec une \u00e9quipe passionn\u00e9e au service de vos projets\" \/>\n<meta name=\"robots\" content=\"index, follow, max-snippet:-1, max-image-preview:large, max-video-preview:-1\" \/>\n<link rel=\"canonical\" href=\"https:\/\/monsieurcremaillere.com\/site\/accueil\/a-propos\/\" \/>\n<meta property=\"og:locale\" content=\"fr_FR\" \/>\n<meta property=\"og:type\" content=\"article\" \/>\n<meta property=\"og:title\" content=\"\u00c0 propos - MR. CREMALL\u00c8RE Inc.\" \/>\n<meta property=\"og:description\" content=\"Experts en cr\u00e9maill\u00e8res. Alliez performance, qualit\u00e9 et savoir-faire local avec une \u00e9quipe passionn\u00e9e au service de vos projets\" \/>\n<meta property=\"og:url\" content=\"https:\/\/monsieurcremaillere.com\/site\/accueil\/a-propos\/\" \/>\n<meta property=\"og:site_name\" content=\"MR. CREMALL\u00c8RE Inc.\" \/>\n<meta property=\"article:modified_time\" content=\"2025-09-04T02:34:40+00:00\" \/>\n<meta property=\"og:image\" content=\"https:\/\/monsieurcremaillere.com\/site\/wp-content\/uploads\/2020\/03\/MCR1_logo_VER-01.png\" \/>\n\t<meta property=\"og:image:width\" content=\"400\" \/>\n\t<meta property=\"og:image:height\" content=\"253\" \/>\n\t<meta property=\"og:image:type\" content=\"image\/png\" \/>\n<meta name=\"twitter:card\" content=\"summary_large_image\" \/>\n<meta name=\"twitter:label1\" content=\"Dur\u00e9e de lecture estim\u00e9e\" \/>\n\t<meta name=\"twitter:data1\" content=\"2 minutes\" \/>\n<script type=\"application\/ld+json\" class=\"yoast-schema-graph\">{\"@context\":\"https:\\\/\\\/schema.org\",\"@graph\":[{\"@type\":[\"Article\",\"BlogPosting\"],\"@id\":\"https:\\\/\\\/monsieurcremaillere.com\\\/site\\\/accueil\\\/a-propos\\\/#article\",\"isPartOf\":{\"@id\":\"https:\\\/\\\/monsieurcremaillere.com\\\/site\\\/accueil\\\/a-propos\\\/\"},\"author\":{\"name\":\"Antonio Reda\",\"@id\":\"https:\\\/\\\/monsieurcremaillere.com\\\/site\\\/#\\\/schema\\\/person\\\/45bd56f54643fafe93c50ead1e4ee934\"},\"headline\":\"\u00c0 propos\",\"datePublished\":\"2020-03-02T20:23:22+00:00\",\"dateModified\":\"2025-09-04T02:34:40+00:00\",\"mainEntityOfPage\":{\"@id\":\"https:\\\/\\\/monsieurcremaillere.com\\\/site\\\/accueil\\\/a-propos\\\/\"},\"wordCount\":577,\"commentCount\":0,\"publisher\":{\"@id\":\"https:\\\/\\\/monsieurcremaillere.com\\\/site\\\/#organization\"},\"inLanguage\":\"fr-FR\",\"potentialAction\":[{\"@type\":\"CommentAction\",\"name\":\"Comment\",\"target\":[\"https:\\\/\\\/monsieurcremaillere.com\\\/site\\\/accueil\\\/a-propos\\\/#respond\"]}]},{\"@type\":[\"WebPage\",\"AboutPage\"],\"@id\":\"https:\\\/\\\/monsieurcremaillere.com\\\/site\\\/accueil\\\/a-propos\\\/\",\"url\":\"https:\\\/\\\/monsieurcremaillere.com\\\/site\\\/accueil\\\/a-propos\\\/\",\"name\":\"\u00c0 propos - MR. CREMALL\u00c8RE Inc.\",\"isPartOf\":{\"@id\":\"https:\\\/\\\/monsieurcremaillere.com\\\/site\\\/#website\"},\"datePublished\":\"2020-03-02T20:23:22+00:00\",\"dateModified\":\"2025-09-04T02:34:40+00:00\",\"description\":\"Experts en cr\u00e9maill\u00e8res. Alliez performance, qualit\u00e9 et savoir-faire local avec une \u00e9quipe passionn\u00e9e au service de vos projets\",\"breadcrumb\":{\"@id\":\"https:\\\/\\\/monsieurcremaillere.com\\\/site\\\/accueil\\\/a-propos\\\/#breadcrumb\"},\"inLanguage\":\"fr-FR\",\"potentialAction\":[{\"@type\":\"ReadAction\",\"target\":[\"https:\\\/\\\/monsieurcremaillere.com\\\/site\\\/accueil\\\/a-propos\\\/\"]}]},{\"@type\":\"BreadcrumbList\",\"@id\":\"https:\\\/\\\/monsieurcremaillere.com\\\/site\\\/accueil\\\/a-propos\\\/#breadcrumb\",\"itemListElement\":[{\"@type\":\"ListItem\",\"position\":1,\"name\":\"Accueil\",\"item\":\"https:\\\/\\\/monsieurcremaillere.com\\\/site\\\/\"},{\"@type\":\"ListItem\",\"position\":2,\"name\":\"Cr\u00e9maill\u00e8res : Vente et R\u00e9paration\",\"item\":\"https:\\\/\\\/monsieurcremaillere.com\\\/site\\\/\"},{\"@type\":\"ListItem\",\"position\":3,\"name\":\"\u00c0 propos\"}]},{\"@type\":\"WebSite\",\"@id\":\"https:\\\/\\\/monsieurcremaillere.com\\\/site\\\/#website\",\"url\":\"https:\\\/\\\/monsieurcremaillere.com\\\/site\\\/\",\"name\":\"MR. CR\u00c9MALL\u00c8RE Inc\",\"description\":\"Les VRAIS sp\u00e9cialistes!\",\"publisher\":{\"@id\":\"https:\\\/\\\/monsieurcremaillere.com\\\/site\\\/#organization\"},\"alternateName\":\"MC\",\"potentialAction\":[{\"@type\":\"SearchAction\",\"target\":{\"@type\":\"EntryPoint\",\"urlTemplate\":\"https:\\\/\\\/monsieurcremaillere.com\\\/site\\\/?s={search_term_string}\"},\"query-input\":{\"@type\":\"PropertyValueSpecification\",\"valueRequired\":true,\"valueName\":\"search_term_string\"}}],\"inLanguage\":\"fr-FR\"},{\"@type\":\"Organization\",\"@id\":\"https:\\\/\\\/monsieurcremaillere.com\\\/site\\\/#organization\",\"name\":\"MR. CR\u00c9MALL\u00c8RE Inc\",\"alternateName\":\"MC\",\"url\":\"https:\\\/\\\/monsieurcremaillere.com\\\/site\\\/\",\"logo\":{\"@type\":\"ImageObject\",\"inLanguage\":\"fr-FR\",\"@id\":\"https:\\\/\\\/monsieurcremaillere.com\\\/site\\\/#\\\/schema\\\/logo\\\/image\\\/\",\"url\":\"https:\\\/\\\/monsieurcremaillere.com\\\/site\\\/wp-content\\\/uploads\\\/2020\\\/03\\\/MCR1_logo_VER-01.png\",\"contentUrl\":\"https:\\\/\\\/monsieurcremaillere.com\\\/site\\\/wp-content\\\/uploads\\\/2020\\\/03\\\/MCR1_logo_VER-01.png\",\"width\":400,\"height\":253,\"caption\":\"MR. CR\u00c9MALL\u00c8RE Inc\"},\"image\":{\"@id\":\"https:\\\/\\\/monsieurcremaillere.com\\\/site\\\/#\\\/schema\\\/logo\\\/image\\\/\"}},{\"@type\":\"Person\",\"@id\":\"https:\\\/\\\/monsieurcremaillere.com\\\/site\\\/#\\\/schema\\\/person\\\/45bd56f54643fafe93c50ead1e4ee934\",\"name\":\"Antonio Reda\",\"url\":\"https:\\\/\\\/monsieurcremaillere.com\\\/site\\\/author\\\/admin\\\/\"}]}<\/script>\n<!-- \/ Yoast SEO plugin. -->","yoast_head_json":{"title":"\u00c0 propos - MR. CREMALL\u00c8RE Inc.","description":"Experts en cr\u00e9maill\u00e8res. Alliez performance, qualit\u00e9 et savoir-faire local avec une \u00e9quipe passionn\u00e9e au service de vos projets","robots":{"index":"index","follow":"follow","max-snippet":"max-snippet:-1","max-image-preview":"max-image-preview:large","max-video-preview":"max-video-preview:-1"},"canonical":"https:\/\/monsieurcremaillere.com\/site\/accueil\/a-propos\/","og_locale":"fr_FR","og_type":"article","og_title":"\u00c0 propos - MR. CREMALL\u00c8RE Inc.","og_description":"Experts en cr\u00e9maill\u00e8res. Alliez performance, qualit\u00e9 et savoir-faire local avec une \u00e9quipe passionn\u00e9e au service de vos projets","og_url":"https:\/\/monsieurcremaillere.com\/site\/accueil\/a-propos\/","og_site_name":"MR. CREMALL\u00c8RE Inc.","article_modified_time":"2025-09-04T02:34:40+00:00","og_image":[{"width":400,"height":253,"url":"https:\/\/monsieurcremaillere.com\/site\/wp-content\/uploads\/2020\/03\/MCR1_logo_VER-01.png","type":"image\/png"}],"twitter_card":"summary_large_image","twitter_misc":{"Dur\u00e9e de lecture estim\u00e9e":"2 minutes"},"schema":{"@context":"https:\/\/schema.org","@graph":[{"@type":["Article","BlogPosting"],"@id":"https:\/\/monsieurcremaillere.com\/site\/accueil\/a-propos\/#article","isPartOf":{"@id":"https:\/\/monsieurcremaillere.com\/site\/accueil\/a-propos\/"},"author":{"name":"Antonio Reda","@id":"https:\/\/monsieurcremaillere.com\/site\/#\/schema\/person\/45bd56f54643fafe93c50ead1e4ee934"},"headline":"\u00c0 propos","datePublished":"2020-03-02T20:23:22+00:00","dateModified":"2025-09-04T02:34:40+00:00","mainEntityOfPage":{"@id":"https:\/\/monsieurcremaillere.com\/site\/accueil\/a-propos\/"},"wordCount":577,"commentCount":0,"publisher":{"@id":"https:\/\/monsieurcremaillere.com\/site\/#organization"},"inLanguage":"fr-FR","potentialAction":[{"@type":"CommentAction","name":"Comment","target":["https:\/\/monsieurcremaillere.com\/site\/accueil\/a-propos\/#respond"]}]},{"@type":["WebPage","AboutPage"],"@id":"https:\/\/monsieurcremaillere.com\/site\/accueil\/a-propos\/","url":"https:\/\/monsieurcremaillere.com\/site\/accueil\/a-propos\/","name":"\u00c0 propos - MR. CREMALL\u00c8RE Inc.","isPartOf":{"@id":"https:\/\/monsieurcremaillere.com\/site\/#website"},"datePublished":"2020-03-02T20:23:22+00:00","dateModified":"2025-09-04T02:34:40+00:00","description":"Experts en cr\u00e9maill\u00e8res. Alliez performance, qualit\u00e9 et savoir-faire local avec une \u00e9quipe passionn\u00e9e au service de vos projets","breadcrumb":{"@id":"https:\/\/monsieurcremaillere.com\/site\/accueil\/a-propos\/#breadcrumb"},"inLanguage":"fr-FR","potentialAction":[{"@type":"ReadAction","target":["https:\/\/monsieurcremaillere.com\/site\/accueil\/a-propos\/"]}]},{"@type":"BreadcrumbList","@id":"https:\/\/monsieurcremaillere.com\/site\/accueil\/a-propos\/#breadcrumb","itemListElement":[{"@type":"ListItem","position":1,"name":"Accueil","item":"https:\/\/monsieurcremaillere.com\/site\/"},{"@type":"ListItem","position":2,"name":"Cr\u00e9maill\u00e8res : Vente et R\u00e9paration","item":"https:\/\/monsieurcremaillere.com\/site\/"},{"@type":"ListItem","position":3,"name":"\u00c0 propos"}]},{"@type":"WebSite","@id":"https:\/\/monsieurcremaillere.com\/site\/#website","url":"https:\/\/monsieurcremaillere.com\/site\/","name":"MR. CR\u00c9MALL\u00c8RE Inc","description":"Les VRAIS sp\u00e9cialistes!","publisher":{"@id":"https:\/\/monsieurcremaillere.com\/site\/#organization"},"alternateName":"MC","potentialAction":[{"@type":"SearchAction","target":{"@type":"EntryPoint","urlTemplate":"https:\/\/monsieurcremaillere.com\/site\/?s={search_term_string}"},"query-input":{"@type":"PropertyValueSpecification","valueRequired":true,"valueName":"search_term_string"}}],"inLanguage":"fr-FR"},{"@type":"Organization","@id":"https:\/\/monsieurcremaillere.com\/site\/#organization","name":"MR. CR\u00c9MALL\u00c8RE Inc","alternateName":"MC","url":"https:\/\/monsieurcremaillere.com\/site\/","logo":{"@type":"ImageObject","inLanguage":"fr-FR","@id":"https:\/\/monsieurcremaillere.com\/site\/#\/schema\/logo\/image\/","url":"https:\/\/monsieurcremaillere.com\/site\/wp-content\/uploads\/2020\/03\/MCR1_logo_VER-01.png","contentUrl":"https:\/\/monsieurcremaillere.com\/site\/wp-content\/uploads\/2020\/03\/MCR1_logo_VER-01.png","width":400,"height":253,"caption":"MR. CR\u00c9MALL\u00c8RE Inc"},"image":{"@id":"https:\/\/monsieurcremaillere.com\/site\/#\/schema\/logo\/image\/"}},{"@type":"Person","@id":"https:\/\/monsieurcremaillere.com\/site\/#\/schema\/person\/45bd56f54643fafe93c50ead1e4ee934","name":"Antonio Reda","url":"https:\/\/monsieurcremaillere.com\/site\/author\/admin\/"}]}},"_links":{"self":[{"href":"https:\/\/monsieurcremaillere.com\/site\/wp-json\/wp\/v2\/pages\/16168","targetHints":{"allow":["GET"]}}],"collection":[{"href":"https:\/\/monsieurcremaillere.com\/site\/wp-json\/wp\/v2\/pages"}],"about":[{"href":"https:\/\/monsieurcremaillere.com\/site\/wp-json\/wp\/v2\/types\/page"}],"author":[{"embeddable":true,"href":"https:\/\/monsieurcremaillere.com\/site\/wp-json\/wp\/v2\/users\/1"}],"replies":[{"embeddable":true,"href":"https:\/\/monsieurcremaillere.com\/site\/wp-json\/wp\/v2\/comments?post=16168"}],"version-history":[{"count":31,"href":"https:\/\/monsieurcremaillere.com\/site\/wp-json\/wp\/v2\/pages\/16168\/revisions"}],"predecessor-version":[{"id":16891,"href":"https:\/\/monsieurcremaillere.com\/site\/wp-json\/wp\/v2\/pages\/16168\/revisions\/16891"}],"up":[{"embeddable":true,"href":"https:\/\/monsieurcremaillere.com\/site\/wp-json\/wp\/v2\/pages\/16362"}],"wp:attachment":[{"href":"https:\/\/monsieurcremaillere.com\/site\/wp-json\/wp\/v2\/media?parent=16168"}],"curies":[{"name":"wp","href":"https:\/\/api.w.org\/{rel}","templated":true}]}}