{"id":16297,"date":"2020-03-03T08:28:48","date_gmt":"2020-03-03T13:28:48","guid":{"rendered":"https:\/\/monsieurcremaillere.com\/site\/?page_id=16297"},"modified":"2025-04-22T19:47:51","modified_gmt":"2025-04-22T23:47:51","slug":"garantie-certifie","status":"publish","type":"page","link":"https:\/\/monsieurcremaillere.com\/site\/garantie-certifie\/","title":{"rendered":"Garantie certifi\u00e9e"},"content":{"rendered":"<p>[vc_row css_animation=\u00a0\u00bb\u00a0\u00bb row_type=\u00a0\u00bbrow\u00a0\u00bb use_row_as_full_screen_section=\u00a0\u00bbno\u00a0\u00bb type=\u00a0\u00bbgrid\u00a0\u00bb angled_section=\u00a0\u00bbno\u00a0\u00bb text_align=\u00a0\u00bbleft\u00a0\u00bb background_image_as_pattern=\u00a0\u00bbwithout_pattern\u00a0\u00bb padding_top=\u00a0\u00bb90&Prime; padding_bottom=\u00a0\u00bb90&Prime; anchor=\u00a0\u00bbportfolio\u00a0\u00bb background_color=\u00a0\u00bb#f8f8f8&Prime;][vc_column][vc_column_text]<\/p>\n<h3>NOTRE POLITIQUE DE GARANTIE<\/h3>\n<p>[\/vc_column_text][vc_separator type=\u00a0\u00bbsmall\u00a0\u00bb position=\u00a0\u00bbleft\u00a0\u00bb width_in_percentages=\u00a0\u00bbyes\u00a0\u00bb color=\u00a0\u00bb#cecece\u00a0\u00bb thickness=\u00a0\u00bb2&Prime; width=\u00a0\u00bb25&Prime; up=\u00a0\u00bb25&Prime; down=\u00a0\u00bb10&Prime;][vc_column_text]<\/p>\n<h4>Politique de GARANTIE G\u00c9N\u00c9RALE<\/h4>\n<p>[\/vc_column_text][vc_separator type=\u00a0\u00bbtransparent\u00a0\u00bb down=\u00a0\u00bb0&Prime; up=\u00a0\u00bb12&Prime;][vc_column_text]<span style=\"font-weight: 400;\"><strong>Nos cr\u00e9maill\u00e8res r\u00e9usin\u00e9es comportent une garantie de 1 an<\/strong>. Cette garantie n&rsquo;est pas transf\u00e9rable et ne s&rsquo;applique pas aux produits dont l&rsquo;huile de servo-direction n&rsquo;est pas conforme aux exigences, dont les soufflets sont endommag\u00e9s ou que l&rsquo;arbre (<em>shaft<\/em>) principal sous les embouts soit rouill\u00e9. <strong>Aucune garantie ne sera applicable dans ces cas<\/strong>. Les biellettes et les embouts ont une garantie d&rsquo;un an sur les pi\u00e8ces seulement. En ce qui a trait aux pi\u00e8ces avec main-d\u2019oeuvre garantie ou nos autres produits, veuillez consulter les conditions de retour d\u00e9taill\u00e9es pour plus de d\u00e9tails et la marche \u00e0 suivre.<\/span>[\/vc_column_text][vc_separator type=\u00a0\u00bbsmall\u00a0\u00bb position=\u00a0\u00bbleft\u00a0\u00bb width_in_percentages=\u00a0\u00bbyes\u00a0\u00bb color=\u00a0\u00bb#cecece\u00a0\u00bb thickness=\u00a0\u00bb2&Prime; width=\u00a0\u00bb25&Prime; up=\u00a0\u00bb25&Prime; down=\u00a0\u00bb10&Prime;][vc_column_text]<\/p>\n<h4><b>GARANTIE PAR NUM\u00c9RO DE PRODUIT<\/b><\/h4>\n<p>[\/vc_column_text][vc_separator type=\u00a0\u00bbtransparent\u00a0\u00bb down=\u00a0\u00bb0&Prime; up=\u00a0\u00bb12&Prime;][vc_column_text]<b>HY : <span style=\"font-weight: 400;\">La pi\u00e8ce et la main-d\u2019oeuvre sont garanties 1 an selon les conditions de retour d\u00e9taill\u00e9es.<\/span><\/b><\/p>\n<p><b>MS :<\/b><span style=\"font-weight: 400;\"> La pi\u00e8ce et la main-d\u2019oeuvre sont garanties 1 an selon les conditions de retour d\u00e9taill\u00e9es.<\/span><\/p>\n<p><b>PS :<\/b><span style=\"font-weight: 400;\"> La pi\u00e8ce seulement est garantie 1 an selon les conditions de retour d\u00e9taill\u00e9es.<\/span><\/p>\n<p><b>EPS R\u00c9USIN\u00c9E :<\/b><span style=\"font-weight: 400;\"> La pi\u00e8ce et la main-d\u2019oeuvre sont garanties 1 an selon les conditions de retour d\u00e9taill\u00e9es.<\/span><\/p>\n<p><b>EPS NEUVES:<\/b><span style=\"font-weight: 400;\"> La pi\u00e8ce et la main-d\u2019oeuvre sont garanties 1 an selon les conditions de retour d\u00e9taill\u00e9es.<\/span>[\/vc_column_text][vc_separator type=\u00a0\u00bbsmall\u00a0\u00bb position=\u00a0\u00bbleft\u00a0\u00bb width_in_percentages=\u00a0\u00bbyes\u00a0\u00bb color=\u00a0\u00bb#cecece\u00a0\u00bb thickness=\u00a0\u00bb2&Prime; width=\u00a0\u00bb25&Prime; up=\u00a0\u00bb25&Prime; down=\u00a0\u00bb10&Prime;][vc_column_text]<\/p>\n<h4><b>CONDITIONS DE RETOUR D\u00c9TAILL\u00c9ES<\/b><\/h4>\n<p>[\/vc_column_text][vc_separator type=\u00a0\u00bbtransparent\u00a0\u00bb down=\u00a0\u00bb0&Prime; up=\u00a0\u00bb12&Prime;][vc_column_text]<span style=\"font-weight: 400;\">Pour toute garantie, vous devez pr\u00e9alablement communiquer avec l&rsquo;un de nos commis, afin de profiter du soutien technique avant d\u2019effectuer un changement de <\/span><span style=\"font-weight: 400;\">pi\u00e8ce sur le v\u00e9hicule, puis obtenir un num\u00e9ro d&rsquo;autorisation si le changement est jug\u00e9 n\u00e9cessaire. Vous devrez fournir les informations suivantes: <\/span>[\/vc_column_text][vc_separator type=\u00a0\u00bbsmall\u00a0\u00bb position=\u00a0\u00bbleft\u00a0\u00bb width_in_percentages=\u00a0\u00bbyes\u00a0\u00bb color=\u00a0\u00bb#cecece\u00a0\u00bb thickness=\u00a0\u00bb1&Prime; width=\u00a0\u00bb10&Prime; up=\u00a0\u00bb25&Prime; down=\u00a0\u00bb10&Prime;][vc_column_text css=\u00a0\u00bb.vc_custom_1583383512408{padding-left: 20px !important;}\u00a0\u00bb]<\/p>\n<h5><b>Proc\u00e9dures pour les distributeurs ou revendeurs, vous devez fournir<\/b><\/h5>\n<p>[\/vc_column_text][vc_separator type=\u00a0\u00bbtransparent\u00a0\u00bb down=\u00a0\u00bb0&Prime; up=\u00a0\u00bb6&Prime;][vc_column_text css=\u00a0\u00bb.vc_custom_1584978851105{padding-left: 20px !important;}\u00a0\u00bb]<span style=\"font-weight: 400;\">Le num\u00e9ro de la pi\u00e8ce, le nom du garagiste, la raison du retour ainsi qu&rsquo;une copie de facture de la premi\u00e8re pose et celle du remplacement avec la description compl\u00e8te du v\u00e9hicule soit la marque, le mod\u00e8le, l&rsquo;ann\u00e9e et le num\u00e9ro d&rsquo;immatriculation du v\u00e9hicule avec votre num\u00e9ro de retour pr\u00e9alablement autoris\u00e9.<br \/>\n<\/span>[\/vc_column_text][vc_separator type=\u00a0\u00bbsmall\u00a0\u00bb position=\u00a0\u00bbleft\u00a0\u00bb width_in_percentages=\u00a0\u00bbyes\u00a0\u00bb color=\u00a0\u00bb#cecece\u00a0\u00bb thickness=\u00a0\u00bb1&Prime; width=\u00a0\u00bb10&Prime; up=\u00a0\u00bb25&Prime; down=\u00a0\u00bb10&Prime;][vc_column_text css=\u00a0\u00bb.vc_custom_1583383498078{padding-left: 20px !important;}\u00a0\u00bb]<\/p>\n<h5><b>Proc\u00e9dures pour les garagistes, vous devez fournir <\/b><\/h5>\n<p>[\/vc_column_text][vc_separator type=\u00a0\u00bbtransparent\u00a0\u00bb down=\u00a0\u00bb0&Prime; up=\u00a0\u00bb6&Prime;][vc_column_text css=\u00a0\u00bb.vc_custom_1583694970387{padding-left: 20px !important;}\u00a0\u00bb]<span style=\"font-weight: 400;\">Le num\u00e9ro de la facture d&rsquo;achat d\u2019origine de Monsieur Cr\u00e9maill\u00e8re, le num\u00e9ro de la pi\u00e8ce, la raison du retour ainsi qu&rsquo;une copie de facture de la premi\u00e8re pose et celle du remplacement avec la description compl\u00e8te du v\u00e9hicule soit: la marque, le mod\u00e8le, l&rsquo;ann\u00e9e et le num\u00e9ro d&rsquo;immatriculation du v\u00e9hicule avec votre num\u00e9ro de retour pr\u00e9alablement autoris\u00e9.<\/span><\/p>\n<p>&nbsp;<\/p>\n<p>Apr\u00e8s v\u00e9rification et approbation de d\u00e9fectuosit\u00e9, un cr\u00e9dit vous sera \u00e9mis en totalit\u00e9, soit la pi\u00e8ce et l\u2019organe et ce, lors du retour de l\u2019organe. Pour la main-d\u2019oeuvre, le montant vous sera accord\u00e9 sur le m\u00eame cr\u00e9dit selon les conditions pr\u00e9-autoris\u00e9es de Monsieur Cr\u00e9maill\u00e8re (1985) inc. Veuillez noter que les frais de transport ne sont pas couverts.<\/p>\n<p>&nbsp;<\/p>\n<p>Toutes les pi\u00e8ces d\u00e9fectueuses retourn\u00e9es qui seront rouill\u00e9es ou endommag\u00e9es par n\u00e9gligence ou par un hasard de route se verront en partie refus\u00e9es. Un cr\u00e9dit pour la pi\u00e8ce vous sera accord\u00e9. Par contre, aucun cr\u00e9dit pour le prix original de l\u2019organe ne vous sera accord\u00e9. Il est de la responsabilit\u00e9 de votre client de v\u00e9rifier l\u2019\u00e9tat de la pi\u00e8ce pour s\u2019assurer de la validit\u00e9 de leur garantie avant d\u2019effectuer le changement et de ne pas endommager celle-ci lors du changement.<\/p>\n<p>&nbsp;<\/p>\n<p>Les garanties de moins d\u2019un an doivent \u00eatre v\u00e9rifi\u00e9es et approuv\u00e9es par un technicien de Monsieur Cr\u00e9maill\u00e8re (1985) inc. Une fois la pi\u00e8ce approuv\u00e9e, un montant de 30$ de l\u2019heure vous sera accord\u00e9 en r\u00e9f\u00e9rence au nombre d\u2019heures \u00e9tabli dans le catalogue en ligne de Monsieur Cr\u00e9maill\u00e8re seulement. Attention, aucun alignement ni programmation ne sera couvert.<\/p>\n<p>&nbsp;<\/p>\n<p>Veuillez noter que les biellettes de direction sont incluses avec la cr\u00e9maill\u00e8re afin de diminuer les chances d\u2019infiltration d\u2019eau dans celles-ci. Par contre, les biellettes sont des pi\u00e8ces distinctes, elles ne sont\u00a0garanties qu&rsquo;un an et ce, sans main-d\u2019oeuvre. Par cons\u00e9quent, le client ne peut r\u00e9clamer une pi\u00e8ce d\u00e9fectueuse pour cause de biellettes lousses ou des frais lui seront charg\u00e9s comme un retour de pi\u00e8ce neuve \u00e0 10% du prix escompt\u00e9 pour couvrir la manutention de la pi\u00e8ce<\/p>\n<p>&nbsp;<\/p>\n<p>Si le distributeur accorde un cr\u00e9dit sans approbation de l\u2019un de nos techniciens, celui-ci devra s\u2019assurer que les conditions de garantie auront \u00e9t\u00e9 respect\u00e9es, soit pi\u00e8ce non endommag\u00e9e, \u201c shaft \u201c sous les embouts de caoutchouc non rouill\u00e9. Sans quoi le distributeur devra assumer la responsabilit\u00e9 compl\u00e8te d\u2019un cr\u00e9dit non approuv\u00e9 par Monsieur Cr\u00e9maill\u00e8re (1985) inc.[\/vc_column_text][vc_separator type=\u00a0\u00bbsmall\u00a0\u00bb position=\u00a0\u00bbleft\u00a0\u00bb width_in_percentages=\u00a0\u00bbyes\u00a0\u00bb color=\u00a0\u00bb#cecece\u00a0\u00bb thickness=\u00a0\u00bb1&Prime; width=\u00a0\u00bb10&Prime; up=\u00a0\u00bb25&Prime; down=\u00a0\u00bb10&Prime;][vc_column_text css=\u00a0\u00bb.vc_custom_1736350554920{padding-left: 20px !important;}\u00a0\u00bb]<\/p>\n<h4><span style=\"color: #d30000;\"><b>Attention changement important!<\/b><\/span><\/h4>\n<p>[\/vc_column_text][vc_separator type=\u00a0\u00bbtransparent\u00a0\u00bb down=\u00a0\u00bb0&Prime; up=\u00a0\u00bb6&Prime;][vc_column_text css=\u00a0\u00bb.vc_custom_1736349288750{padding-left: 20px !important;}\u00a0\u00bb]<span style=\"font-weight: 400;\">Toutes les cr\u00e9maill\u00e8res assist\u00e9es \u00e9lectriques \u201c MS \u201c vendues apr\u00e8s le 1er janvier 2019 seront garanties 1 an. Pour celles qui ont \u00e9t\u00e9 vendues avant cette date, la garantie respectueuse sera appliqu\u00e9 si les conditions de retour sont respect\u00e9es.<\/span><\/p>\n<p>&nbsp;<\/p>\n<p><span style=\"font-weight: 400;\">Des frais de 20 % du prix vous seront charg\u00e9s sur le prix escompt\u00e9 original pour toutes les cr\u00e9maill\u00e8res \u201c EPS \u201c retourn\u00e9es neuves dans une bo\u00eete non ouverte, afin de d\u00e9frayer les frais de transport, manutention et d\u2019emballage.<\/span><\/p>\n<p>&nbsp;<\/p>\n<p><span style=\"font-weight: 400;\">Aucune pi\u00e8ce \u00e9lectronique ne peut \u00eatre retourn\u00e9e comme neuve apr\u00e8s avoir \u00e9t\u00e9 install\u00e9e sur un v\u00e9hicule ou avoir \u00e9t\u00e9 manipul\u00e9e par le client car ceci entra\u00eenera des frais de retour de 50% de la pi\u00e8ce sur le prix escompt\u00e9 en plus des frais de transport selon votre entente. Prenez note que Monsieur Cr\u00e9maill\u00e8re se r\u00e9serve le droit en tout temps de refuser toute bo\u00eete ouverte.<\/span><\/p>\n<p>&nbsp;<\/p>\n<p><span style=\"font-weight: 400;\">Des frais de retour vous seront charg\u00e9s pour les organes endommag\u00e9s ou les \u201c shaft \u201c rouill\u00e9s sur certains mod\u00e8les sp\u00e9cifiques ( EPS ). Veuillez vous r\u00e9f\u00e9rer au catalogue en ligne.<\/span><\/p>\n<p>&nbsp;<\/p>\n<p><span style=\"font-weight: 400;\">Aucun alignement ou programmation n\u2019est couvert pour les cr\u00e9maill\u00e8res hydrauliques, assist\u00e9es \u00e9lectriques et les \u201c EPS \u201c cr\u00e9maill\u00e8res \u00e9lectroniques.<\/span><\/p>\n<p>&nbsp;<\/p>\n<p><span style=\"font-weight: 400;\">Toutes les cr\u00e9maill\u00e8res avec un code \u201cS\u201d et de couleur rouge dans le catalogue en ligne auront une charge si les \u201c shaft \u201c sont rouill\u00e9s. C\u2019est la responsabilit\u00e9 du distributeur de bien informer son client de la possibilit\u00e9 de frais suppl\u00e9mentaires, de demi-prix sur le retour d\u2019organe si celui-ci est endommag\u00e9. Consultez le catalogue en ligne.<\/span><\/p>\n<p>&nbsp;<\/p>\n<p><span style=\"font-weight: 400;\">Pour toutes les cr\u00e9maill\u00e8res retourn\u00e9es sans autorisation ainsi que les pi\u00e8ces d\u00e9clar\u00e9es non d\u00e9fectueuses ou chang\u00e9es pour des biellettes de direction d\u00e9fectueuses sans que la cr\u00e9maill\u00e8re soit en d\u00e9faut, des frais de 10% vous seront charg\u00e9s sur le prix original escompt\u00e9. Dans certain cas, des frais de livraison seront charg\u00e9s si ceux-ci sont applicables. Les frais de 10% sur le retour des cr\u00e9maill\u00e8res neuves est toujours en vigueur sur les \u201c MS \u201c et les \u201c PS \u201c.\u00a0<\/span>[\/vc_column_text][vc_separator type=\u00a0\u00bbsmall\u00a0\u00bb position=\u00a0\u00bbleft\u00a0\u00bb width_in_percentages=\u00a0\u00bbyes\u00a0\u00bb color=\u00a0\u00bb#cecece\u00a0\u00bb thickness=\u00a0\u00bb1&Prime; width=\u00a0\u00bb10&Prime; up=\u00a0\u00bb25&Prime; down=\u00a0\u00bb10&Prime;][vc_column_text css=\u00a0\u00bb.vc_custom_1583246894594{padding-left: 20px !important;}\u00a0\u00bb]<\/p>\n<h5><span style=\"color: #d30000;\"><b>Restrictions<\/b><\/span><\/h5>\n<p>[\/vc_column_text][vc_separator type=\u00a0\u00bbtransparent\u00a0\u00bb down=\u00a0\u00bb0&Prime; up=\u00a0\u00bb6&Prime;][vc_column_text css=\u00a0\u00bb.vc_custom_1736364387920{padding-left: 20px !important;}\u00a0\u00bb]<span style=\"font-weight: 400;\">Les <strong>v\u00e9hicules utilis\u00e9s \u00e0 des fins commerciales<\/strong> on une garantie de <strong>6 mois<\/strong>.<\/span><\/p>\n<p>&nbsp;<\/p>\n<p><span style=\"font-weight: 400;\">De plus, les <strong>v\u00e9hicules de course<\/strong> ou les v\u00e9hicules avec des <strong>suspensions modifi\u00e9es<\/strong> ainsi que les cr\u00e9maill\u00e8res <strong>endommag\u00e9es<\/strong> \u00e0 la suite d&rsquo;abus, d&rsquo;accidents ou d&rsquo;installations fautives <span style=\"text-decoration: underline;\"><strong>ne sont pas<\/strong> <strong>couvertes<\/strong>. <\/span><\/span><\/p>\n<p>&nbsp;<\/p>\n<p><span style=\"font-weight: 400;\">Monsieur Cr\u00e9maill\u00e8re se r\u00e9serve le droit de d\u00e9cider de fa\u00e7on irr\u00e9vocable si une pi\u00e8ce est d\u00e9fectueuse ou non. <strong>En achetant les produits Monsieur Cr\u00e9maill\u00e8re, vous acceptez les conditions de garantie du fabricant.<\/strong><\/span>[\/vc_column_text][\/vc_column][\/vc_row][vc_row css_animation=\u00a0\u00bb\u00a0\u00bb row_type=\u00a0\u00bbrow\u00a0\u00bb use_row_as_full_screen_section=\u00a0\u00bbno\u00a0\u00bb type=\u00a0\u00bbgrid\u00a0\u00bb angled_section=\u00a0\u00bbno\u00a0\u00bb text_align=\u00a0\u00bbleft\u00a0\u00bb background_image_as_pattern=\u00a0\u00bbwithout_pattern\u00a0\u00bb padding_top=\u00a0\u00bb48&Prime; padding_bottom=\u00a0\u00bb52&Prime; background_color=\u00a0\u00bb#f1f1f1&Prime;][vc_column][vc_single_image image=\u00a0\u00bb16084&Prime; img_size=\u00a0\u00bbfull\u00a0\u00bb alignment=\u00a0\u00bbcenter\u00a0\u00bb qode_css_animation=\u00a0\u00bb\u00a0\u00bb][vc_separator type=\u00a0\u00bbtransparent\u00a0\u00bb down=\u00a0\u00bb5&Prime; up=\u00a0\u00bb5&Prime;][vc_column_text]<\/p>\n<h6 style=\"text-align: center;\"><span style=\"color: #f53644;\"><span style=\"color: #333300;\">Monsieur Cr\u00e9maill\u00e8re<\/span> <span style=\"color: #d30000;\">| Un expert en constante \u00e9volution!<\/span><\/span><\/h6>\n<p>[\/vc_column_text][\/vc_column][\/vc_row]<\/p>\n","protected":false},"excerpt":{"rendered":"<p>[vc_row css_animation=\u00a0\u00bb\u00a0\u00bb row_type=\u00a0\u00bbrow\u00a0\u00bb use_row_as_full_screen_section=\u00a0\u00bbno\u00a0\u00bb type=\u00a0\u00bbgrid\u00a0\u00bb angled_section=\u00a0\u00bbno\u00a0\u00bb text_align=\u00a0\u00bbleft\u00a0\u00bb background_image_as_pattern=\u00a0\u00bbwithout_pattern\u00a0\u00bb padding_top=\u00a0\u00bb90&Prime; padding_bottom=\u00a0\u00bb90&Prime; anchor=\u00a0\u00bbportfolio\u00a0\u00bb background_color=\u00a0\u00bb#f8f8f8&Prime;][vc_column][vc_column_text] NOTRE POLITIQUE DE GARANTIE [\/vc_column_text][vc_separator type=\u00a0\u00bbsmall\u00a0\u00bb position=\u00a0\u00bbleft\u00a0\u00bb width_in_percentages=\u00a0\u00bbyes\u00a0\u00bb color=\u00a0\u00bb#cecece\u00a0\u00bb thickness=\u00a0\u00bb2&Prime; width=\u00a0\u00bb25&Prime; up=\u00a0\u00bb25&Prime; down=\u00a0\u00bb10&Prime;][vc_column_text] Politique de GARANTIE G\u00c9N\u00c9RALE [\/vc_column_text][vc_separator type=\u00a0\u00bbtransparent\u00a0\u00bb down=\u00a0\u00bb0&Prime; up=\u00a0\u00bb12&Prime;][vc_column_text]Nos cr\u00e9maill\u00e8res r\u00e9usin\u00e9es comportent une garantie de 1 an. Cette garantie n&rsquo;est pas&#8230;<\/p>\n","protected":false},"author":1,"featured_media":0,"parent":0,"menu_order":0,"comment_status":"open","ping_status":"closed","template":"full_width.php","meta":{"footnotes":""},"class_list":["post-16297","page","type-page","status-publish","hentry"],"yoast_head":"<!-- This site is optimized with the Yoast SEO plugin v27.5 - https:\/\/yoast.com\/product\/yoast-seo-wordpress\/ -->\n<title>Garantie certifi\u00e9e - MR. CREMALL\u00c8RE Inc.<\/title>\n<meta name=\"description\" content=\"Notre garantie sur les cr\u00e9maill\u00e8res vous assure des produits de qualit\u00e9, une couverture compl\u00e8te et une tranquillit\u00e9 d\u2019esprit durable.\" \/>\n<meta name=\"robots\" content=\"index, follow, max-snippet:-1, max-image-preview:large, max-video-preview:-1\" \/>\n<link rel=\"canonical\" href=\"https:\/\/monsieurcremaillere.com\/site\/garantie-certifie\/\" \/>\n<meta property=\"og:locale\" content=\"fr_FR\" \/>\n<meta property=\"og:type\" content=\"article\" \/>\n<meta property=\"og:title\" content=\"Garantie certifi\u00e9e - MR. CREMALL\u00c8RE Inc.\" \/>\n<meta property=\"og:description\" content=\"Notre garantie sur les cr\u00e9maill\u00e8res vous assure des produits de qualit\u00e9, une couverture compl\u00e8te et une tranquillit\u00e9 d\u2019esprit durable.\" \/>\n<meta property=\"og:url\" content=\"https:\/\/monsieurcremaillere.com\/site\/garantie-certifie\/\" \/>\n<meta property=\"og:site_name\" content=\"MR. CREMALL\u00c8RE Inc.\" \/>\n<meta property=\"article:modified_time\" content=\"2025-04-22T23:47:51+00:00\" \/>\n<meta property=\"og:image\" content=\"https:\/\/monsieurcremaillere.com\/site\/wp-content\/uploads\/2020\/03\/MCR1_logo_VER-01.png\" \/>\n\t<meta property=\"og:image:width\" content=\"400\" \/>\n\t<meta property=\"og:image:height\" content=\"253\" \/>\n\t<meta property=\"og:image:type\" content=\"image\/png\" \/>\n<meta name=\"twitter:card\" content=\"summary_large_image\" \/>\n<meta name=\"twitter:label1\" content=\"Dur\u00e9e de lecture estim\u00e9e\" \/>\n\t<meta name=\"twitter:data1\" content=\"7 minutes\" \/>\n<script type=\"application\/ld+json\" class=\"yoast-schema-graph\">{\"@context\":\"https:\\\/\\\/schema.org\",\"@graph\":[{\"@type\":\"WebPage\",\"@id\":\"https:\\\/\\\/monsieurcremaillere.com\\\/site\\\/garantie-certifie\\\/\",\"url\":\"https:\\\/\\\/monsieurcremaillere.com\\\/site\\\/garantie-certifie\\\/\",\"name\":\"Garantie certifi\u00e9e - MR. CREMALL\u00c8RE Inc.\",\"isPartOf\":{\"@id\":\"https:\\\/\\\/monsieurcremaillere.com\\\/site\\\/#website\"},\"datePublished\":\"2020-03-03T13:28:48+00:00\",\"dateModified\":\"2025-04-22T23:47:51+00:00\",\"description\":\"Notre garantie sur les cr\u00e9maill\u00e8res vous assure des produits de qualit\u00e9, une couverture compl\u00e8te et une tranquillit\u00e9 d\u2019esprit durable.\",\"breadcrumb\":{\"@id\":\"https:\\\/\\\/monsieurcremaillere.com\\\/site\\\/garantie-certifie\\\/#breadcrumb\"},\"inLanguage\":\"fr-FR\",\"potentialAction\":[{\"@type\":\"ReadAction\",\"target\":[\"https:\\\/\\\/monsieurcremaillere.com\\\/site\\\/garantie-certifie\\\/\"]}]},{\"@type\":\"BreadcrumbList\",\"@id\":\"https:\\\/\\\/monsieurcremaillere.com\\\/site\\\/garantie-certifie\\\/#breadcrumb\",\"itemListElement\":[{\"@type\":\"ListItem\",\"position\":1,\"name\":\"Accueil\",\"item\":\"https:\\\/\\\/monsieurcremaillere.com\\\/site\\\/\"},{\"@type\":\"ListItem\",\"position\":2,\"name\":\"Garantie certifi\u00e9e\"}]},{\"@type\":\"WebSite\",\"@id\":\"https:\\\/\\\/monsieurcremaillere.com\\\/site\\\/#website\",\"url\":\"https:\\\/\\\/monsieurcremaillere.com\\\/site\\\/\",\"name\":\"MR. CR\u00c9MALL\u00c8RE Inc\",\"description\":\"Les VRAIS sp\u00e9cialistes!\",\"publisher\":{\"@id\":\"https:\\\/\\\/monsieurcremaillere.com\\\/site\\\/#organization\"},\"alternateName\":\"MC\",\"potentialAction\":[{\"@type\":\"SearchAction\",\"target\":{\"@type\":\"EntryPoint\",\"urlTemplate\":\"https:\\\/\\\/monsieurcremaillere.com\\\/site\\\/?s={search_term_string}\"},\"query-input\":{\"@type\":\"PropertyValueSpecification\",\"valueRequired\":true,\"valueName\":\"search_term_string\"}}],\"inLanguage\":\"fr-FR\"},{\"@type\":\"Organization\",\"@id\":\"https:\\\/\\\/monsieurcremaillere.com\\\/site\\\/#organization\",\"name\":\"MR. CR\u00c9MALL\u00c8RE Inc\",\"alternateName\":\"MC\",\"url\":\"https:\\\/\\\/monsieurcremaillere.com\\\/site\\\/\",\"logo\":{\"@type\":\"ImageObject\",\"inLanguage\":\"fr-FR\",\"@id\":\"https:\\\/\\\/monsieurcremaillere.com\\\/site\\\/#\\\/schema\\\/logo\\\/image\\\/\",\"url\":\"https:\\\/\\\/monsieurcremaillere.com\\\/site\\\/wp-content\\\/uploads\\\/2020\\\/03\\\/MCR1_logo_VER-01.png\",\"contentUrl\":\"https:\\\/\\\/monsieurcremaillere.com\\\/site\\\/wp-content\\\/uploads\\\/2020\\\/03\\\/MCR1_logo_VER-01.png\",\"width\":400,\"height\":253,\"caption\":\"MR. CR\u00c9MALL\u00c8RE Inc\"},\"image\":{\"@id\":\"https:\\\/\\\/monsieurcremaillere.com\\\/site\\\/#\\\/schema\\\/logo\\\/image\\\/\"}}]}<\/script>\n<!-- \/ Yoast SEO plugin. -->","yoast_head_json":{"title":"Garantie certifi\u00e9e - MR. CREMALL\u00c8RE Inc.","description":"Notre garantie sur les cr\u00e9maill\u00e8res vous assure des produits de qualit\u00e9, une couverture compl\u00e8te et une tranquillit\u00e9 d\u2019esprit durable.","robots":{"index":"index","follow":"follow","max-snippet":"max-snippet:-1","max-image-preview":"max-image-preview:large","max-video-preview":"max-video-preview:-1"},"canonical":"https:\/\/monsieurcremaillere.com\/site\/garantie-certifie\/","og_locale":"fr_FR","og_type":"article","og_title":"Garantie certifi\u00e9e - MR. CREMALL\u00c8RE Inc.","og_description":"Notre garantie sur les cr\u00e9maill\u00e8res vous assure des produits de qualit\u00e9, une couverture compl\u00e8te et une tranquillit\u00e9 d\u2019esprit durable.","og_url":"https:\/\/monsieurcremaillere.com\/site\/garantie-certifie\/","og_site_name":"MR. CREMALL\u00c8RE Inc.","article_modified_time":"2025-04-22T23:47:51+00:00","og_image":[{"width":400,"height":253,"url":"https:\/\/monsieurcremaillere.com\/site\/wp-content\/uploads\/2020\/03\/MCR1_logo_VER-01.png","type":"image\/png"}],"twitter_card":"summary_large_image","twitter_misc":{"Dur\u00e9e de lecture estim\u00e9e":"7 minutes"},"schema":{"@context":"https:\/\/schema.org","@graph":[{"@type":"WebPage","@id":"https:\/\/monsieurcremaillere.com\/site\/garantie-certifie\/","url":"https:\/\/monsieurcremaillere.com\/site\/garantie-certifie\/","name":"Garantie certifi\u00e9e - MR. CREMALL\u00c8RE Inc.","isPartOf":{"@id":"https:\/\/monsieurcremaillere.com\/site\/#website"},"datePublished":"2020-03-03T13:28:48+00:00","dateModified":"2025-04-22T23:47:51+00:00","description":"Notre garantie sur les cr\u00e9maill\u00e8res vous assure des produits de qualit\u00e9, une couverture compl\u00e8te et une tranquillit\u00e9 d\u2019esprit durable.","breadcrumb":{"@id":"https:\/\/monsieurcremaillere.com\/site\/garantie-certifie\/#breadcrumb"},"inLanguage":"fr-FR","potentialAction":[{"@type":"ReadAction","target":["https:\/\/monsieurcremaillere.com\/site\/garantie-certifie\/"]}]},{"@type":"BreadcrumbList","@id":"https:\/\/monsieurcremaillere.com\/site\/garantie-certifie\/#breadcrumb","itemListElement":[{"@type":"ListItem","position":1,"name":"Accueil","item":"https:\/\/monsieurcremaillere.com\/site\/"},{"@type":"ListItem","position":2,"name":"Garantie certifi\u00e9e"}]},{"@type":"WebSite","@id":"https:\/\/monsieurcremaillere.com\/site\/#website","url":"https:\/\/monsieurcremaillere.com\/site\/","name":"MR. CR\u00c9MALL\u00c8RE Inc","description":"Les VRAIS sp\u00e9cialistes!","publisher":{"@id":"https:\/\/monsieurcremaillere.com\/site\/#organization"},"alternateName":"MC","potentialAction":[{"@type":"SearchAction","target":{"@type":"EntryPoint","urlTemplate":"https:\/\/monsieurcremaillere.com\/site\/?s={search_term_string}"},"query-input":{"@type":"PropertyValueSpecification","valueRequired":true,"valueName":"search_term_string"}}],"inLanguage":"fr-FR"},{"@type":"Organization","@id":"https:\/\/monsieurcremaillere.com\/site\/#organization","name":"MR. CR\u00c9MALL\u00c8RE Inc","alternateName":"MC","url":"https:\/\/monsieurcremaillere.com\/site\/","logo":{"@type":"ImageObject","inLanguage":"fr-FR","@id":"https:\/\/monsieurcremaillere.com\/site\/#\/schema\/logo\/image\/","url":"https:\/\/monsieurcremaillere.com\/site\/wp-content\/uploads\/2020\/03\/MCR1_logo_VER-01.png","contentUrl":"https:\/\/monsieurcremaillere.com\/site\/wp-content\/uploads\/2020\/03\/MCR1_logo_VER-01.png","width":400,"height":253,"caption":"MR. CR\u00c9MALL\u00c8RE Inc"},"image":{"@id":"https:\/\/monsieurcremaillere.com\/site\/#\/schema\/logo\/image\/"}}]}},"_links":{"self":[{"href":"https:\/\/monsieurcremaillere.com\/site\/wp-json\/wp\/v2\/pages\/16297","targetHints":{"allow":["GET"]}}],"collection":[{"href":"https:\/\/monsieurcremaillere.com\/site\/wp-json\/wp\/v2\/pages"}],"about":[{"href":"https:\/\/monsieurcremaillere.com\/site\/wp-json\/wp\/v2\/types\/page"}],"author":[{"embeddable":true,"href":"https:\/\/monsieurcremaillere.com\/site\/wp-json\/wp\/v2\/users\/1"}],"replies":[{"embeddable":true,"href":"https:\/\/monsieurcremaillere.com\/site\/wp-json\/wp\/v2\/comments?post=16297"}],"version-history":[{"count":37,"href":"https:\/\/monsieurcremaillere.com\/site\/wp-json\/wp\/v2\/pages\/16297\/revisions"}],"predecessor-version":[{"id":16837,"href":"https:\/\/monsieurcremaillere.com\/site\/wp-json\/wp\/v2\/pages\/16297\/revisions\/16837"}],"wp:attachment":[{"href":"https:\/\/monsieurcremaillere.com\/site\/wp-json\/wp\/v2\/media?parent=16297"}],"curies":[{"name":"wp","href":"https:\/\/api.w.org\/{rel}","templated":true}]}}